{"id":16288,"date":"2025-03-18T13:10:56","date_gmt":"2025-03-18T13:10:56","guid":{"rendered":"https:\/\/silko.it\/?page_id=16288"},"modified":"2025-03-18T13:21:05","modified_gmt":"2025-03-18T13:21:05","slug":"tec","status":"publish","type":"page","link":"https:\/\/silko.it\/de\/realisationen\/tec\/","title":{"rendered":"TEC"},"content":{"rendered":"\t\t<div data-elementor-type=\"wp-page\" data-elementor-id=\"16288\" class=\"elementor elementor-16288 elementor-16246\" data-elementor-post-type=\"page\">\n\t\t\t\t\t\t<section class=\"elementor-section elementor-top-section elementor-element elementor-element-9771046 elementor-section-full_width elementor-section-stretched elementor-section-height-default elementor-section-height-default\" data-id=\"9771046\" data-element_type=\"section\" data-settings=\"{&quot;stretch_section&quot;:&quot;section-stretched&quot;,&quot;background_background&quot;:&quot;classic&quot;}\">\n\t\t\t\t\t\t<div class=\"elementor-container elementor-column-gap-default\">\n\t\t\t\t\t<div class=\"elementor-column elementor-col-100 elementor-top-column elementor-element elementor-element-9179abc\" data-id=\"9179abc\" data-element_type=\"column\">\n\t\t\t<div class=\"elementor-widget-wrap\">\n\t\t\t\t\t\t\t<\/div>\n\t\t<\/div>\n\t\t\t\t\t<\/div>\n\t\t<\/section>\n\t\t\t\t<section class=\"elementor-section elementor-top-section elementor-element elementor-element-9f22c57 elementor-section-full_width elementor-section-height-min-height elementor-section-items-stretch elementor-section-stretched elementor-section-height-default\" data-id=\"9f22c57\" data-element_type=\"section\" data-settings=\"{&quot;stretch_section&quot;:&quot;section-stretched&quot;}\">\n\t\t\t\t\t\t<div class=\"elementor-container elementor-column-gap-default\">\n\t\t\t\t\t<div class=\"elementor-column elementor-col-100 elementor-top-column elementor-element elementor-element-c195f9d\" data-id=\"c195f9d\" data-element_type=\"column\" data-settings=\"{&quot;background_background&quot;:&quot;classic&quot;}\">\n\t\t\t<div class=\"elementor-widget-wrap\">\n\t\t\t\t\t\t\t<\/div>\n\t\t<\/div>\n\t\t\t\t\t<\/div>\n\t\t<\/section>\n\t\t\t\t<section class=\"elementor-section elementor-top-section elementor-element elementor-element-d308d31 elementor-section-stretched elementor-section-boxed elementor-section-height-default elementor-section-height-default\" data-id=\"d308d31\" data-element_type=\"section\" data-settings=\"{&quot;stretch_section&quot;:&quot;section-stretched&quot;}\">\n\t\t\t\t\t\t<div class=\"elementor-container elementor-column-gap-default\">\n\t\t\t\t\t<div class=\"elementor-column elementor-col-100 elementor-top-column elementor-element elementor-element-389fe74\" data-id=\"389fe74\" data-element_type=\"column\">\n\t\t\t<div class=\"elementor-widget-wrap elementor-element-populated\">\n\t\t\t\t\t\t<div class=\"elementor-element elementor-element-421175a elementor-widget elementor-widget-shortcode\" data-id=\"421175a\" data-element_type=\"widget\" data-widget_type=\"shortcode.default\">\n\t\t\t\t<div class=\"elementor-widget-container\">\n\t\t\t\t\t\t\t<div class=\"elementor-shortcode\">\r\n<style>\r\n\r\nform{\r\n    color: #D6771D !important;\r\n}\r\n.submit {\r\n  padding: 0px 0px 0px 0px !important;\r\n  background-color: #FFFFFF !important;\r\n  color: #D6771D !important;\r\n  text-align: left !important;\r\n  display: inline-block !important;\r\n  font-style: 'Open Sans' !important;\r\n  font-size: 16px !important;\r\n  font-weight: 700 !important;\r\n  border: none;\r\n}\r\n\r\n<\/style>\r\n\r\n<form action =\"https:\/\/silko.it\/realizzazioni\/\" method=\"post\">\r\n  <button type=\"submit\" id=\"category\" name=\"category\" class=\"submit\" value=\"all\">REALISATIONEN<\/button>\r\n  \/\r\n  <button type=\"submit\" id=\"category\" name=\"category\" class=\"submit\" value=\"fine-dining\">FINE DINING<\/button>\r\n<\/form><\/div>\n\t\t\t\t\t\t<\/div>\n\t\t\t\t<\/div>\n\t\t\t\t<div class=\"elementor-element elementor-element-c862253 elementor-widget elementor-widget-text-editor\" data-id=\"c862253\" data-element_type=\"widget\" data-widget_type=\"text-editor.default\">\n\t\t\t\t<div class=\"elementor-widget-container\">\n\t\t\t\t\t\t\t\t\t<p>FINE DINING<\/p>\t\t\t\t\t\t\t\t<\/div>\n\t\t\t\t<\/div>\n\t\t\t\t<div class=\"elementor-element elementor-element-47479b1 elementor-widget elementor-widget-heading\" data-id=\"47479b1\" data-element_type=\"widget\" data-widget_type=\"heading.default\">\n\t\t\t\t<div class=\"elementor-widget-container\">\n\t\t\t\t\t<h4 class=\"elementor-heading-title elementor-size-default\">TEC<\/h4>\t\t\t\t<\/div>\n\t\t\t\t<\/div>\n\t\t\t\t<div class=\"elementor-element elementor-element-a363217 elementor-widget elementor-widget-text-editor\" data-id=\"a363217\" data-element_type=\"widget\" data-widget_type=\"text-editor.default\">\n\t\t\t\t<div class=\"elementor-widget-container\">\n\t\t\t\t\t\t\t\t\t<p>MILANO<\/p>\t\t\t\t\t\t\t\t<\/div>\n\t\t\t\t<\/div>\n\t\t\t\t\t<\/div>\n\t\t<\/div>\n\t\t\t\t\t<\/div>\n\t\t<\/section>\n\t\t\t\t<section class=\"elementor-section elementor-top-section elementor-element elementor-element-189ec72 elementor-section-stretched elementor-section-boxed elementor-section-height-default elementor-section-height-default\" data-id=\"189ec72\" data-element_type=\"section\" data-settings=\"{&quot;stretch_section&quot;:&quot;section-stretched&quot;}\">\n\t\t\t\t\t\t<div class=\"elementor-container elementor-column-gap-default\">\n\t\t\t\t\t<div class=\"elementor-column elementor-col-100 elementor-top-column elementor-element elementor-element-b919452\" data-id=\"b919452\" data-element_type=\"column\">\n\t\t\t<div class=\"elementor-widget-wrap elementor-element-populated\">\n\t\t\t\t\t\t<div class=\"elementor-element elementor-element-691ad7a elementor-widget elementor-widget-text-editor\" data-id=\"691ad7a\" data-element_type=\"widget\" data-widget_type=\"text-editor.default\">\n\t\t\t\t<div class=\"elementor-widget-container\">\n\t\t\t\t\t\t\t\t\t<p>Nel cuore di <a href=\"https:\/\/www.tecrestaurant.it\/\">Tec Restaurant<\/a>, dove tradizione e innovazione si incontrano per offrire un&#8217;esperienza gastronomica d&#8217;eccellenza, la scelta del monoblocco Ikonico di Silko \u00e8 stata naturale. Massima personalizzazione, funzionalit\u00e0 e performance si uniscono in una soluzione su misura, progettata per garantire precisione e affidabilit\u00e0 in ogni preparazione. Una cucina che esalta la qualit\u00e0 delle materie prime con la stessa cura con cui il ristorante celebra i sapori autentici, trasformando ogni piatto in un viaggio tra passato e presente.<\/p>\t\t\t\t\t\t\t\t<\/div>\n\t\t\t\t<\/div>\n\t\t\t\t\t<\/div>\n\t\t<\/div>\n\t\t\t\t\t<\/div>\n\t\t<\/section>\n\t\t\t\t<section class=\"elementor-section elementor-top-section elementor-element elementor-element-0dba208 elementor-section-stretched elementor-section-boxed elementor-section-height-default elementor-section-height-default\" data-id=\"0dba208\" data-element_type=\"section\" data-settings=\"{&quot;stretch_section&quot;:&quot;section-stretched&quot;}\">\n\t\t\t\t\t\t<div class=\"elementor-container elementor-column-gap-default\">\n\t\t\t\t\t<div class=\"elementor-column elementor-col-100 elementor-top-column elementor-element elementor-element-7ba3f3b\" data-id=\"7ba3f3b\" data-element_type=\"column\">\n\t\t\t<div class=\"elementor-widget-wrap elementor-element-populated\">\n\t\t\t\t\t\t<div class=\"elementor-element elementor-element-839a198 elementor-arrows-position-inside elementor-widget elementor-widget-image-carousel\" data-id=\"839a198\" data-element_type=\"widget\" data-settings=\"{&quot;slides_to_show&quot;:&quot;1&quot;,&quot;navigation&quot;:&quot;arrows&quot;,&quot;autoplay&quot;:&quot;yes&quot;,&quot;pause_on_hover&quot;:&quot;yes&quot;,&quot;pause_on_interaction&quot;:&quot;yes&quot;,&quot;autoplay_speed&quot;:5000,&quot;infinite&quot;:&quot;yes&quot;,&quot;effect&quot;:&quot;slide&quot;,&quot;speed&quot;:500}\" data-widget_type=\"image-carousel.default\">\n\t\t\t\t<div class=\"elementor-widget-container\">\n\t\t\t\t\t\t\t<div class=\"elementor-image-carousel-wrapper swiper\" role=\"region\" aria-roledescription=\"carousel\" aria-label=\"Carosello d&#039;immagini\" dir=\"ltr\">\n\t\t\t<div class=\"elementor-image-carousel swiper-wrapper\" aria-live=\"off\">\n\t\t\t\t\t\t\t\t<div class=\"swiper-slide\" role=\"group\" aria-roledescription=\"slide\" aria-label=\"1 von 5\"><figure class=\"swiper-slide-inner\"><img decoding=\"async\" class=\"swiper-slide-image\" src=\"https:\/\/silko.it\/wp-content\/uploads\/KND0022-2-2048x1152.jpg\" alt=\"_KND0022-2\" \/><\/figure><\/div><div class=\"swiper-slide\" role=\"group\" aria-roledescription=\"slide\" aria-label=\"2 von 5\"><figure class=\"swiper-slide-inner\"><img decoding=\"async\" class=\"swiper-slide-image\" src=\"https:\/\/silko.it\/wp-content\/uploads\/KND0021-2-1-2048x1152.jpg\" alt=\"_KND0021-2\" \/><\/figure><\/div><div class=\"swiper-slide\" role=\"group\" aria-roledescription=\"slide\" aria-label=\"3 von 5\"><figure class=\"swiper-slide-inner\"><img decoding=\"async\" class=\"swiper-slide-image\" src=\"https:\/\/silko.it\/wp-content\/uploads\/KND0024-2-2048x1151.jpg\" alt=\"_KND0024-2\" \/><\/figure><\/div><div class=\"swiper-slide\" role=\"group\" aria-roledescription=\"slide\" aria-label=\"4 von 5\"><figure class=\"swiper-slide-inner\"><img decoding=\"async\" class=\"swiper-slide-image\" src=\"https:\/\/silko.it\/wp-content\/uploads\/KND0037-2-2048x1151.jpg\" alt=\"_KND0037-2\" \/><\/figure><\/div><div class=\"swiper-slide\" role=\"group\" aria-roledescription=\"slide\" aria-label=\"5 von 5\"><figure class=\"swiper-slide-inner\"><img decoding=\"async\" class=\"swiper-slide-image\" src=\"https:\/\/silko.it\/wp-content\/uploads\/KND0041-2-2048x1152.jpg\" alt=\"_KND0041-2\" \/><\/figure><\/div>\t\t\t<\/div>\n\t\t\t\t\t\t\t\t\t\t\t\t<div class=\"elementor-swiper-button elementor-swiper-button-prev\" role=\"button\" tabindex=\"0\">\n\t\t\t\t\t\t<i aria-hidden=\"true\" class=\"eicon-chevron-left\"><\/i>\t\t\t\t\t<\/div>\n\t\t\t\t\t<div class=\"elementor-swiper-button elementor-swiper-button-next\" role=\"button\" tabindex=\"0\">\n\t\t\t\t\t\t<i aria-hidden=\"true\" class=\"eicon-chevron-right\"><\/i>\t\t\t\t\t<\/div>\n\t\t\t\t\n\t\t\t\t\t\t\t\t\t<\/div>\n\t\t\t\t\t\t<\/div>\n\t\t\t\t<\/div>\n\t\t\t\t\t<\/div>\n\t\t<\/div>\n\t\t\t\t\t<\/div>\n\t\t<\/section>\n\t\t\t\t<\/div>\n\t\t","protected":false},"excerpt":{"rendered":"<p>FINE DINING TEC MAILAND Im Herzen des Tec Restaurants, wo Tradition und Innovation zusammenkommen, um ein au\u00dfergew\u00f6hnliches kulinarisches Erlebnis zu bieten, war die Wahl des Ikonico-Monoblocks von Silko naheliegend. Maximale Individualisierung, Funktionalit\u00e4t und Leistung vereinen sich in einer ma\u00dfgeschneiderten L\u00f6sung, die Pr\u00e4zision und Zuverl\u00e4ssigkeit bei jeder Zubereitung gew\u00e4hrleistet. Eine K\u00fcche, die die Qualit\u00e4t der Zutaten<a class=\"more-link\" href=\"https:\/\/silko.it\/de\/realisationen\/tec\/\"><span class=\"screen-reader-text\">&#8222;TEC&#8220;<\/span> weiterlesen<\/a><\/p>\n","protected":false},"author":1,"featured_media":0,"parent":5716,"menu_order":0,"comment_status":"closed","ping_status":"closed","template":"","meta":{"_joinchat":[],"footnotes":""},"class_list":["post-16288","page","type-page","status-publish","hentry","entry"],"yoast_head":"<!-- This site is optimized with the Yoast SEO plugin v26.4 - https:\/\/yoast.com\/wordpress\/plugins\/seo\/ -->\n<title>TEC - Silko<\/title>\n<meta name=\"robots\" content=\"index, follow, max-snippet:-1, max-image-preview:large, max-video-preview:-1\" \/>\n<link rel=\"canonical\" href=\"https:\/\/silko.it\/realizzazioni\/tec\/\" \/>\n<meta property=\"og:locale\" content=\"de_DE\" \/>\n<meta property=\"og:type\" content=\"article\" \/>\n<meta property=\"og:title\" content=\"TEC - Silko\" \/>\n<meta property=\"og:description\" content=\"FINE DINING TEC MAILAND Im Herzen des Tec Restaurants, wo Tradition und Innovation zusammenkommen, um ein au\u00dfergew\u00f6hnliches kulinarisches Erlebnis zu bieten, war die Wahl des Ikonico-Monoblocks von Silko naheliegend. Maximale Individualisierung, Funktionalit\u00e4t und Leistung vereinen sich in einer ma\u00dfgeschneiderten L\u00f6sung, die Pr\u00e4zision und Zuverl\u00e4ssigkeit bei jeder Zubereitung gew\u00e4hrleistet. Eine K\u00fcche, die die Qualit\u00e4t der Zutaten&quot;TEC&quot; weiterlesen\" \/>\n<meta property=\"og:url\" content=\"https:\/\/silko.it\/realizzazioni\/tec\/\" \/>\n<meta property=\"og:site_name\" content=\"Silko\" \/>\n<meta property=\"article:publisher\" content=\"https:\/\/www.facebook.com\/SilkoAli\/\" \/>\n<meta property=\"article:modified_time\" content=\"2025-03-18T13:21:05+00:00\" \/>\n<meta property=\"og:image\" content=\"https:\/\/silko.it\/wp-content\/uploads\/KND0022-2-2048x1152.jpg\" \/>\n<meta name=\"twitter:card\" content=\"summary_large_image\" \/>\n<script type=\"application\/ld+json\" class=\"yoast-schema-graph\">{\"@context\":\"https:\/\/schema.org\",\"@graph\":[{\"@type\":\"WebPage\",\"@id\":\"https:\/\/silko.it\/realizzazioni\/tec\/\",\"url\":\"https:\/\/silko.it\/realizzazioni\/tec\/\",\"name\":\"TEC - Silko\",\"isPartOf\":{\"@id\":\"https:\/\/silko.it\/#website\"},\"primaryImageOfPage\":{\"@id\":\"https:\/\/silko.it\/realizzazioni\/tec\/#primaryimage\"},\"image\":{\"@id\":\"https:\/\/silko.it\/realizzazioni\/tec\/#primaryimage\"},\"thumbnailUrl\":\"https:\/\/silko.it\/wp-content\/uploads\/KND0022-2-2048x1152.jpg\",\"datePublished\":\"2025-03-18T13:10:56+00:00\",\"dateModified\":\"2025-03-18T13:21:05+00:00\",\"breadcrumb\":{\"@id\":\"https:\/\/silko.it\/realizzazioni\/tec\/#breadcrumb\"},\"inLanguage\":\"de\",\"potentialAction\":[{\"@type\":\"ReadAction\",\"target\":[\"https:\/\/silko.it\/realizzazioni\/tec\/\"]}]},{\"@type\":\"ImageObject\",\"inLanguage\":\"de\",\"@id\":\"https:\/\/silko.it\/realizzazioni\/tec\/#primaryimage\",\"url\":\"https:\/\/silko.it\/wp-content\/uploads\/KND0022-2-2048x1152.jpg\",\"contentUrl\":\"https:\/\/silko.it\/wp-content\/uploads\/KND0022-2-2048x1152.jpg\"},{\"@type\":\"BreadcrumbList\",\"@id\":\"https:\/\/silko.it\/realizzazioni\/tec\/#breadcrumb\",\"itemListElement\":[{\"@type\":\"ListItem\",\"position\":1,\"name\":\"Home\",\"item\":\"https:\/\/silko.it\/\"},{\"@type\":\"ListItem\",\"position\":2,\"name\":\"Realisationen\",\"item\":\"https:\/\/silko.it\/realizzazioni\/\"},{\"@type\":\"ListItem\",\"position\":3,\"name\":\"TEC\"}]},{\"@type\":\"WebSite\",\"@id\":\"https:\/\/silko.it\/#website\",\"url\":\"https:\/\/silko.it\/\",\"name\":\"https:\/\/silko.it\/\",\"description\":\"Cucine professionali e arredi per la ristorazione\",\"publisher\":{\"@id\":\"https:\/\/silko.it\/#organization\"},\"potentialAction\":[{\"@type\":\"SearchAction\",\"target\":{\"@type\":\"EntryPoint\",\"urlTemplate\":\"https:\/\/silko.it\/?s={search_term_string}\"},\"query-input\":{\"@type\":\"PropertyValueSpecification\",\"valueRequired\":true,\"valueName\":\"search_term_string\"}}],\"inLanguage\":\"de\"},{\"@type\":\"Organization\",\"@id\":\"https:\/\/silko.it\/#organization\",\"name\":\"Silko - Cucine professionali e attrezzature per la ristorazione\",\"url\":\"https:\/\/silko.it\/\",\"logo\":{\"@type\":\"ImageObject\",\"inLanguage\":\"de\",\"@id\":\"https:\/\/silko.it\/#\/schema\/logo\/image\/\",\"url\":\"https:\/\/silko.it\/wp-content\/uploads\/2023\/08\/silko-logo.webp\",\"contentUrl\":\"https:\/\/silko.it\/wp-content\/uploads\/2023\/08\/silko-logo.webp\",\"width\":186,\"height\":56,\"caption\":\"Silko - Cucine professionali e attrezzature per la ristorazione\"},\"image\":{\"@id\":\"https:\/\/silko.it\/#\/schema\/logo\/image\/\"},\"sameAs\":[\"https:\/\/www.facebook.com\/SilkoAli\/\",\"https:\/\/www.instagram.com\/silko_ali\/\",\"https:\/\/www.linkedin.com\/company\/silko-ali-s.p.a.\/\",\"https:\/\/www.youtube.com\/user\/SilkoAli\"]}]}<\/script>\n<!-- \/ Yoast SEO plugin. -->","yoast_head_json":{"title":"TEC - Silko","robots":{"index":"index","follow":"follow","max-snippet":"max-snippet:-1","max-image-preview":"max-image-preview:large","max-video-preview":"max-video-preview:-1"},"canonical":"https:\/\/silko.it\/realizzazioni\/tec\/","og_locale":"de_DE","og_type":"article","og_title":"TEC - Silko","og_description":"FINE DINING TEC MAILAND Im Herzen des Tec Restaurants, wo Tradition und Innovation zusammenkommen, um ein au\u00dfergew\u00f6hnliches kulinarisches Erlebnis zu bieten, war die Wahl des Ikonico-Monoblocks von Silko naheliegend. Maximale Individualisierung, Funktionalit\u00e4t und Leistung vereinen sich in einer ma\u00dfgeschneiderten L\u00f6sung, die Pr\u00e4zision und Zuverl\u00e4ssigkeit bei jeder Zubereitung gew\u00e4hrleistet. Eine K\u00fcche, die die Qualit\u00e4t der Zutaten\"TEC\" weiterlesen","og_url":"https:\/\/silko.it\/realizzazioni\/tec\/","og_site_name":"Silko","article_publisher":"https:\/\/www.facebook.com\/SilkoAli\/","article_modified_time":"2025-03-18T13:21:05+00:00","og_image":[{"url":"https:\/\/silko.it\/wp-content\/uploads\/KND0022-2-2048x1152.jpg","type":"","width":"","height":""}],"twitter_card":"summary_large_image","schema":{"@context":"https:\/\/schema.org","@graph":[{"@type":"WebPage","@id":"https:\/\/silko.it\/realizzazioni\/tec\/","url":"https:\/\/silko.it\/realizzazioni\/tec\/","name":"TEC - Silko","isPartOf":{"@id":"https:\/\/silko.it\/#website"},"primaryImageOfPage":{"@id":"https:\/\/silko.it\/realizzazioni\/tec\/#primaryimage"},"image":{"@id":"https:\/\/silko.it\/realizzazioni\/tec\/#primaryimage"},"thumbnailUrl":"https:\/\/silko.it\/wp-content\/uploads\/KND0022-2-2048x1152.jpg","datePublished":"2025-03-18T13:10:56+00:00","dateModified":"2025-03-18T13:21:05+00:00","breadcrumb":{"@id":"https:\/\/silko.it\/realizzazioni\/tec\/#breadcrumb"},"inLanguage":"de","potentialAction":[{"@type":"ReadAction","target":["https:\/\/silko.it\/realizzazioni\/tec\/"]}]},{"@type":"ImageObject","inLanguage":"de","@id":"https:\/\/silko.it\/realizzazioni\/tec\/#primaryimage","url":"https:\/\/silko.it\/wp-content\/uploads\/KND0022-2-2048x1152.jpg","contentUrl":"https:\/\/silko.it\/wp-content\/uploads\/KND0022-2-2048x1152.jpg"},{"@type":"BreadcrumbList","@id":"https:\/\/silko.it\/realizzazioni\/tec\/#breadcrumb","itemListElement":[{"@type":"ListItem","position":1,"name":"Home","item":"https:\/\/silko.it\/"},{"@type":"ListItem","position":2,"name":"Realisationen","item":"https:\/\/silko.it\/realizzazioni\/"},{"@type":"ListItem","position":3,"name":"TEC"}]},{"@type":"WebSite","@id":"https:\/\/silko.it\/#website","url":"https:\/\/silko.it\/","name":"https:\/\/silko.it\/","description":"Cucine professionali e arredi per la ristorazione","publisher":{"@id":"https:\/\/silko.it\/#organization"},"potentialAction":[{"@type":"SearchAction","target":{"@type":"EntryPoint","urlTemplate":"https:\/\/silko.it\/?s={search_term_string}"},"query-input":{"@type":"PropertyValueSpecification","valueRequired":true,"valueName":"search_term_string"}}],"inLanguage":"de"},{"@type":"Organization","@id":"https:\/\/silko.it\/#organization","name":"Silko - Cucine professionali e attrezzature per la ristorazione","url":"https:\/\/silko.it\/","logo":{"@type":"ImageObject","inLanguage":"de","@id":"https:\/\/silko.it\/#\/schema\/logo\/image\/","url":"https:\/\/silko.it\/wp-content\/uploads\/2023\/08\/silko-logo.webp","contentUrl":"https:\/\/silko.it\/wp-content\/uploads\/2023\/08\/silko-logo.webp","width":186,"height":56,"caption":"Silko - Cucine professionali e attrezzature per la ristorazione"},"image":{"@id":"https:\/\/silko.it\/#\/schema\/logo\/image\/"},"sameAs":["https:\/\/www.facebook.com\/SilkoAli\/","https:\/\/www.instagram.com\/silko_ali\/","https:\/\/www.linkedin.com\/company\/silko-ali-s.p.a.\/","https:\/\/www.youtube.com\/user\/SilkoAli"]}]}},"_links":{"self":[{"href":"https:\/\/silko.it\/de\/wp-json\/wp\/v2\/pages\/16288","targetHints":{"allow":["GET"]}}],"collection":[{"href":"https:\/\/silko.it\/de\/wp-json\/wp\/v2\/pages"}],"about":[{"href":"https:\/\/silko.it\/de\/wp-json\/wp\/v2\/types\/page"}],"author":[{"embeddable":true,"href":"https:\/\/silko.it\/de\/wp-json\/wp\/v2\/users\/1"}],"replies":[{"embeddable":true,"href":"https:\/\/silko.it\/de\/wp-json\/wp\/v2\/comments?post=16288"}],"version-history":[{"count":1,"href":"https:\/\/silko.it\/de\/wp-json\/wp\/v2\/pages\/16288\/revisions"}],"predecessor-version":[{"id":16291,"href":"https:\/\/silko.it\/de\/wp-json\/wp\/v2\/pages\/16288\/revisions\/16291"}],"up":[{"embeddable":true,"href":"https:\/\/silko.it\/de\/wp-json\/wp\/v2\/pages\/5716"}],"wp:attachment":[{"href":"https:\/\/silko.it\/de\/wp-json\/wp\/v2\/media?parent=16288"}],"curies":[{"name":"wp","href":"https:\/\/api.w.org\/{rel}","templated":true}]}}