{"id":18090,"date":"2026-02-17T13:46:02","date_gmt":"2026-02-17T12:46:02","guid":{"rendered":"https:\/\/silko.it\/realisationen\/panoramahotel\/"},"modified":"2026-05-11T11:16:24","modified_gmt":"2026-05-11T10:16:24","slug":"panoramahotel","status":"publish","type":"page","link":"https:\/\/silko.it\/de\/realisationen\/panoramahotel\/","title":{"rendered":"Panoramahotel"},"content":{"rendered":"\t\t<div data-elementor-type=\"wp-page\" data-elementor-id=\"18090\" class=\"elementor elementor-18090 elementor-17830\" data-elementor-post-type=\"page\">\n\t\t\t\t\t\t<section class=\"elementor-section elementor-top-section elementor-element elementor-element-9771046 elementor-section-full_width elementor-section-stretched elementor-section-height-default elementor-section-height-default\" data-id=\"9771046\" data-element_type=\"section\" data-settings=\"{&quot;stretch_section&quot;:&quot;section-stretched&quot;,&quot;background_background&quot;:&quot;classic&quot;}\">\n\t\t\t\t\t\t<div class=\"elementor-container elementor-column-gap-default\">\n\t\t\t\t\t<div class=\"elementor-column elementor-col-100 elementor-top-column elementor-element elementor-element-9179abc\" data-id=\"9179abc\" data-element_type=\"column\">\n\t\t\t<div class=\"elementor-widget-wrap\">\n\t\t\t\t\t\t\t<\/div>\n\t\t<\/div>\n\t\t\t\t\t<\/div>\n\t\t<\/section>\n\t\t\t\t<section class=\"elementor-section elementor-top-section elementor-element elementor-element-9f22c57 elementor-section-full_width elementor-section-height-min-height elementor-section-items-stretch elementor-section-stretched elementor-section-height-default\" data-id=\"9f22c57\" data-element_type=\"section\" data-settings=\"{&quot;stretch_section&quot;:&quot;section-stretched&quot;}\">\n\t\t\t\t\t\t<div class=\"elementor-container elementor-column-gap-default\">\n\t\t\t\t\t<div class=\"elementor-column elementor-col-100 elementor-top-column elementor-element elementor-element-c195f9d\" data-id=\"c195f9d\" data-element_type=\"column\" data-settings=\"{&quot;background_background&quot;:&quot;classic&quot;}\">\n\t\t\t<div class=\"elementor-widget-wrap\">\n\t\t\t\t\t\t\t<\/div>\n\t\t<\/div>\n\t\t\t\t\t<\/div>\n\t\t<\/section>\n\t\t\t\t<section class=\"elementor-section elementor-top-section elementor-element elementor-element-d308d31 elementor-section-stretched elementor-section-boxed elementor-section-height-default elementor-section-height-default\" data-id=\"d308d31\" data-element_type=\"section\" data-settings=\"{&quot;stretch_section&quot;:&quot;section-stretched&quot;}\">\n\t\t\t\t\t\t<div class=\"elementor-container elementor-column-gap-default\">\n\t\t\t\t\t<div class=\"elementor-column elementor-col-100 elementor-top-column elementor-element elementor-element-389fe74\" data-id=\"389fe74\" data-element_type=\"column\">\n\t\t\t<div class=\"elementor-widget-wrap elementor-element-populated\">\n\t\t\t\t\t\t<div class=\"elementor-element elementor-element-c66252d elementor-widget elementor-widget-shortcode\" data-id=\"c66252d\" data-element_type=\"widget\" data-widget_type=\"shortcode.default\">\n\t\t\t\t<div class=\"elementor-widget-container\">\n\t\t\t\t\t\t\t<div class=\"elementor-shortcode\">\r\n<style>\r\n\r\nform{\r\n    color: #D6771D !important;\r\n}\r\n.submit {\r\n  padding: 0px 0px 0px 0px !important;\r\n  background-color: #FFFFFF !important;\r\n  color: #D6771D !important;\r\n  text-align: left !important;\r\n  display: inline-block !important;\r\n  font-style: 'Open Sans' !important;\r\n  font-size: 16px !important;\r\n  font-weight: 700 !important;\r\n  border: none;\r\n}\r\n\r\n<\/style>\r\n\r\n<form action =\"https:\/\/silko.it\/realizzazioni\/\" method=\"post\">\r\n  <button type=\"submit\" id=\"category\" name=\"category\" class=\"submit\" value=\"all\">REALISATIONEN<\/button>\r\n  \/\r\n  <button type=\"submit\" id=\"category\" name=\"category\" class=\"submit\" value=\"hotel\">HOTELS<\/button>\r\n<\/form><\/div>\n\t\t\t\t\t\t<\/div>\n\t\t\t\t<\/div>\n\t\t\t\t<div class=\"elementor-element elementor-element-f65f104 elementor-widget elementor-widget-text-editor\" data-id=\"f65f104\" data-element_type=\"widget\" data-widget_type=\"text-editor.default\">\n\t\t\t\t<div class=\"elementor-widget-container\">\n\t\t\t\t\t\t\t\t\t<p>HOTELS<\/p>\t\t\t\t\t\t\t\t<\/div>\n\t\t\t\t<\/div>\n\t\t\t\t<div class=\"elementor-element elementor-element-47479b1 elementor-widget elementor-widget-heading\" data-id=\"47479b1\" data-element_type=\"widget\" data-widget_type=\"heading.default\">\n\t\t\t\t<div class=\"elementor-widget-container\">\n\t\t\t\t\t<h4 class=\"elementor-heading-title elementor-size-default\">Panoramahotel<\/h4>\t\t\t\t<\/div>\n\t\t\t\t<\/div>\n\t\t\t\t<div class=\"elementor-element elementor-element-a363217 elementor-widget elementor-widget-text-editor\" data-id=\"a363217\" data-element_type=\"widget\" data-widget_type=\"text-editor.default\">\n\t\t\t\t<div class=\"elementor-widget-container\">\n\t\t\t\t\t\t\t\t\t<p>BRAUNWALD<\/p>\t\t\t\t\t\t\t\t<\/div>\n\t\t\t\t<\/div>\n\t\t\t\t\t<\/div>\n\t\t<\/div>\n\t\t\t\t\t<\/div>\n\t\t<\/section>\n\t\t\t\t<section class=\"elementor-section elementor-top-section elementor-element elementor-element-189ec72 elementor-section-stretched elementor-section-boxed elementor-section-height-default elementor-section-height-default\" data-id=\"189ec72\" data-element_type=\"section\" data-settings=\"{&quot;stretch_section&quot;:&quot;section-stretched&quot;}\">\n\t\t\t\t\t\t<div class=\"elementor-container elementor-column-gap-default\">\n\t\t\t\t\t<div class=\"elementor-column elementor-col-100 elementor-top-column elementor-element elementor-element-b919452\" data-id=\"b919452\" data-element_type=\"column\">\n\t\t\t<div class=\"elementor-widget-wrap elementor-element-populated\">\n\t\t\t\t\t\t<div class=\"elementor-element elementor-element-691ad7a elementor-widget elementor-widget-text-editor\" data-id=\"691ad7a\" data-element_type=\"widget\" data-widget_type=\"text-editor.default\">\n\t\t\t\t<div class=\"elementor-widget-container\">\n\t\t\t\t\t\t\t\t\t<p data-start=\"163\" data-end=\"681\">Das <a href=\"https:\/\/panoramahotel-braunwald.ch\/\">Panoramahotel<\/a> Braunwald ist ein renommiertes 4-Sterne-Hotel, das in den wundersch\u00f6nen Schweizer Alpen im Herzen von Braunwald liegt. Das Haus ist bekannt f\u00fcr seine Panoramalage, den direkten Zugang zu Outdoor-Aktivit\u00e4ten, den Komfort der Zimmer sowie die besondere Aufmerksamkeit f\u00fcr das Wohlbefinden und die Qualit\u00e4t des Erlebnisses seiner G\u00e4ste. Ein Ort, an dem alpine Authentizit\u00e4t harmonisch mit modernen Dienstleistungen und einem erstklassigen gastronomischen Angebot verschmilzt.  <\/p><p data-start=\"683\" data-end=\"1155\">F\u00fcr das Restaurant des Hotels hat sich das Panoramahotel Braunwald f\u00fcr die professionelle K\u00fcchentechnik von Silko entschieden und dabei deren Zuverl\u00e4ssigkeit, Verarbeitungsqualit\u00e4t und hohe Leistung anerkannt \u2014 ideal, um einen Restaurantbetrieb zu unterst\u00fctzen, der sowohl der kulinarischen Tradition als auch der Innovation verpflichtet ist. Die L\u00f6sungen von Silko tragen dazu bei, operative Effizienz und konstante Ergebnisse zu gew\u00e4hrleisten und damit den Anspr\u00fcchen einer internationalen G\u00e4steschaft sowie h\u00f6chsten gastronomischen Standards gerecht zu werden. <\/p><p data-start=\"1157\" data-end=\"1432\">Ein besonderer Dank gilt unserem <strong data-start=\"1197\" data-end=\"1225\">Schweizer H\u00e4ndler <a href=\"https:\/\/www.sfcgastro.ch\/\">SFC<\/a><\/strong>, der das Projekt mit Fachkompetenz und Professionalit\u00e4t begleitet und entwickelt hat und damit ma\u00dfgeblich zur Realisierung einer K\u00fcche beigetragen hat, die perfekt auf die betrieblichen Anforderungen des Restaurants abgestimmt ist.<\/p>\t\t\t\t\t\t\t\t<\/div>\n\t\t\t\t<\/div>\n\t\t\t\t\t<\/div>\n\t\t<\/div>\n\t\t\t\t\t<\/div>\n\t\t<\/section>\n\t\t\t\t<section class=\"elementor-section elementor-top-section elementor-element elementor-element-0dba208 elementor-section-stretched elementor-section-boxed elementor-section-height-default elementor-section-height-default\" data-id=\"0dba208\" data-element_type=\"section\" data-settings=\"{&quot;stretch_section&quot;:&quot;section-stretched&quot;}\">\n\t\t\t\t\t\t<div class=\"elementor-container elementor-column-gap-default\">\n\t\t\t\t\t<div class=\"elementor-column elementor-col-100 elementor-top-column elementor-element elementor-element-7ba3f3b\" data-id=\"7ba3f3b\" data-element_type=\"column\">\n\t\t\t<div class=\"elementor-widget-wrap elementor-element-populated\">\n\t\t\t\t\t\t<div class=\"elementor-element elementor-element-839a198 elementor-arrows-position-inside elementor-widget elementor-widget-image-carousel\" data-id=\"839a198\" data-element_type=\"widget\" data-settings=\"{&quot;slides_to_show&quot;:&quot;1&quot;,&quot;navigation&quot;:&quot;arrows&quot;,&quot;autoplay&quot;:&quot;yes&quot;,&quot;pause_on_hover&quot;:&quot;yes&quot;,&quot;pause_on_interaction&quot;:&quot;yes&quot;,&quot;autoplay_speed&quot;:5000,&quot;infinite&quot;:&quot;yes&quot;,&quot;effect&quot;:&quot;slide&quot;,&quot;speed&quot;:500}\" data-widget_type=\"image-carousel.default\">\n\t\t\t\t<div class=\"elementor-widget-container\">\n\t\t\t\t\t\t\t<div class=\"elementor-image-carousel-wrapper swiper\" role=\"region\" aria-roledescription=\"carousel\" aria-label=\"Carosello d&#039;immagini\" dir=\"ltr\">\n\t\t\t<div class=\"elementor-image-carousel swiper-wrapper\" aria-live=\"off\">\n\t\t\t\t\t\t\t\t<div class=\"swiper-slide\" role=\"group\" aria-roledescription=\"slide\" aria-label=\"1 von 13\"><figure class=\"swiper-slide-inner\"><img decoding=\"async\" class=\"swiper-slide-image\" src=\"https:\/\/silko.it\/wp-content\/uploads\/795174124.jpg\" alt=\"795174124\" \/><\/figure><\/div><div class=\"swiper-slide\" role=\"group\" aria-roledescription=\"slide\" aria-label=\"2 von 13\"><figure class=\"swiper-slide-inner\"><img decoding=\"async\" class=\"swiper-slide-image\" src=\"https:\/\/silko.it\/wp-content\/uploads\/Hotel_Panorama_Kuche_5-1-2048x1365.jpg\" alt=\"Hotel_Panorama_Ku\u0308che_5\" \/><\/figure><\/div><div class=\"swiper-slide\" role=\"group\" aria-roledescription=\"slide\" aria-label=\"3 von 13\"><figure class=\"swiper-slide-inner\"><img decoding=\"async\" class=\"swiper-slide-image\" src=\"https:\/\/silko.it\/wp-content\/uploads\/Hotel_Panorama_Kuche_8-1-2048x1366.jpg\" alt=\"Hotel_Panorama_Ku\u0308che_8\" \/><\/figure><\/div><div class=\"swiper-slide\" role=\"group\" aria-roledescription=\"slide\" aria-label=\"4 von 13\"><figure class=\"swiper-slide-inner\"><img decoding=\"async\" class=\"swiper-slide-image\" src=\"https:\/\/silko.it\/wp-content\/uploads\/Hotel_Panorama_Kuche_9-2048x1365.jpg\" alt=\"Hotel_Panorama_Ku\u0308che_9\" \/><\/figure><\/div><div class=\"swiper-slide\" role=\"group\" aria-roledescription=\"slide\" aria-label=\"5 von 13\"><figure class=\"swiper-slide-inner\"><img decoding=\"async\" class=\"swiper-slide-image\" src=\"https:\/\/silko.it\/wp-content\/uploads\/Hotel_Panorama_Kuche_12-2048x1365.jpg\" alt=\"Hotel_Panorama_Ku\u0308che_12\" \/><\/figure><\/div><div class=\"swiper-slide\" role=\"group\" aria-roledescription=\"slide\" aria-label=\"6 von 13\"><figure class=\"swiper-slide-inner\"><img decoding=\"async\" class=\"swiper-slide-image\" src=\"https:\/\/silko.it\/wp-content\/uploads\/Hotel_Panorama_Kuche_13-1-2048x1365.jpg\" alt=\"Hotel_Panorama_Ku\u0308che_13\" \/><\/figure><\/div><div class=\"swiper-slide\" role=\"group\" aria-roledescription=\"slide\" aria-label=\"7 von 13\"><figure class=\"swiper-slide-inner\"><img decoding=\"async\" class=\"swiper-slide-image\" src=\"https:\/\/silko.it\/wp-content\/uploads\/Hotel_Panorama_Kuche_14-2048x1366.jpg\" alt=\"Hotel_Panorama_Ku\u0308che_14\" \/><\/figure><\/div><div class=\"swiper-slide\" role=\"group\" aria-roledescription=\"slide\" aria-label=\"8 von 13\"><figure class=\"swiper-slide-inner\"><img decoding=\"async\" class=\"swiper-slide-image\" src=\"https:\/\/silko.it\/wp-content\/uploads\/Hotel_Panorama_Kuche_16-2048x1365.jpg\" alt=\"Hotel_Panorama_Ku\u0308che_16\" \/><\/figure><\/div><div class=\"swiper-slide\" role=\"group\" aria-roledescription=\"slide\" aria-label=\"9 von 13\"><figure class=\"swiper-slide-inner\"><img decoding=\"async\" class=\"swiper-slide-image\" src=\"https:\/\/silko.it\/wp-content\/uploads\/Hotel_Panorama_Kuche_20-1-2048x1366.jpg\" alt=\"Hotel_Panorama_Ku\u0308che_20\" \/><\/figure><\/div><div class=\"swiper-slide\" role=\"group\" aria-roledescription=\"slide\" aria-label=\"10 von 13\"><figure class=\"swiper-slide-inner\"><img decoding=\"async\" class=\"swiper-slide-image\" src=\"https:\/\/silko.it\/wp-content\/uploads\/Hotel_Panorama_Kuche_21-2048x1365.jpg\" alt=\"Hotel_Panorama_Ku\u0308che_21\" \/><\/figure><\/div><div class=\"swiper-slide\" role=\"group\" aria-roledescription=\"slide\" aria-label=\"11 von 13\"><figure class=\"swiper-slide-inner\"><img decoding=\"async\" class=\"swiper-slide-image\" src=\"https:\/\/silko.it\/wp-content\/uploads\/Hotel_Panorama_Kuche_22-2048x1365.jpg\" alt=\"Hotel_Panorama_Ku\u0308che_22\" \/><\/figure><\/div><div class=\"swiper-slide\" role=\"group\" aria-roledescription=\"slide\" aria-label=\"12 von 13\"><figure class=\"swiper-slide-inner\"><img decoding=\"async\" class=\"swiper-slide-image\" src=\"https:\/\/silko.it\/wp-content\/uploads\/Hotel_Panorama_Kuche_25-1-2048x1365.jpg\" alt=\"Hotel_Panorama_Ku\u0308che_25\" \/><\/figure><\/div><div class=\"swiper-slide\" role=\"group\" aria-roledescription=\"slide\" aria-label=\"13 von 13\"><figure class=\"swiper-slide-inner\"><img decoding=\"async\" class=\"swiper-slide-image\" src=\"https:\/\/silko.it\/wp-content\/uploads\/795174124.jpg\" alt=\"795174124\" \/><\/figure><\/div>\t\t\t<\/div>\n\t\t\t\t\t\t\t\t\t\t\t\t<div class=\"elementor-swiper-button elementor-swiper-button-prev\" role=\"button\" tabindex=\"0\">\n\t\t\t\t\t\t<i aria-hidden=\"true\" class=\"eicon-chevron-left\"><\/i>\t\t\t\t\t<\/div>\n\t\t\t\t\t<div class=\"elementor-swiper-button elementor-swiper-button-next\" role=\"button\" tabindex=\"0\">\n\t\t\t\t\t\t<i aria-hidden=\"true\" class=\"eicon-chevron-right\"><\/i>\t\t\t\t\t<\/div>\n\t\t\t\t\n\t\t\t\t\t\t\t\t\t<\/div>\n\t\t\t\t\t\t<\/div>\n\t\t\t\t<\/div>\n\t\t\t\t\t<\/div>\n\t\t<\/div>\n\t\t\t\t\t<\/div>\n\t\t<\/section>\n\t\t\t\t<section class=\"elementor-section elementor-top-section elementor-element elementor-element-31774f2 elementor-section-stretched elementor-section-boxed elementor-section-height-default elementor-section-height-default\" data-id=\"31774f2\" data-element_type=\"section\" data-settings=\"{&quot;stretch_section&quot;:&quot;section-stretched&quot;}\">\n\t\t\t\t\t\t<div class=\"elementor-container elementor-column-gap-default\">\n\t\t\t\t\t<div class=\"elementor-column elementor-col-50 elementor-top-column elementor-element elementor-element-c30a280\" data-id=\"c30a280\" data-element_type=\"column\">\n\t\t\t<div class=\"elementor-widget-wrap elementor-element-populated\">\n\t\t\t\t\t\t<div class=\"elementor-element elementor-element-fc0a8c8 elementor-align-left navigation-prev-realizzazioni elementor-widget elementor-widget-button\" data-id=\"fc0a8c8\" data-element_type=\"widget\" data-widget_type=\"button.default\">\n\t\t\t\t<div class=\"elementor-widget-container\">\n\t\t\t\t\t\t\t\t\t<div class=\"elementor-button-wrapper\">\n\t\t\t\t\t<a class=\"elementor-button elementor-button-link elementor-size-sm\" href=\"https:\/\/silko.it\/de\/realisationen\/gracys\/\">\n\t\t\t\t\t\t<span class=\"elementor-button-content-wrapper\">\n\t\t\t\t\t\t\t\t\t<span class=\"elementor-button-text\">&lt; VORHERIGE<\/span>\n\t\t\t\t\t<\/span>\n\t\t\t\t\t<\/a>\n\t\t\t\t<\/div>\n\t\t\t\t\t\t\t\t<\/div>\n\t\t\t\t<\/div>\n\t\t\t\t\t<\/div>\n\t\t<\/div>\n\t\t\t\t<div class=\"elementor-column elementor-col-50 elementor-top-column elementor-element elementor-element-b9f2933\" data-id=\"b9f2933\" data-element_type=\"column\">\n\t\t\t<div class=\"elementor-widget-wrap elementor-element-populated\">\n\t\t\t\t\t\t<div class=\"elementor-element elementor-element-d233f67 elementor-align-right navigation-next-realizzazioni elementor-widget elementor-widget-button\" data-id=\"d233f67\" data-element_type=\"widget\" data-widget_type=\"button.default\">\n\t\t\t\t<div class=\"elementor-widget-container\">\n\t\t\t\t\t\t\t\t\t<div class=\"elementor-button-wrapper\">\n\t\t\t\t\t<a class=\"elementor-button elementor-button-link elementor-size-sm\" href=\"https:\/\/silko.it\/de\/realisationen\/masseria-auraterrae\/\">\n\t\t\t\t\t\t<span class=\"elementor-button-content-wrapper\">\n\t\t\t\t\t\t\t\t\t<span class=\"elementor-button-text\">N\u00c4CHSTES &gt;<\/span>\n\t\t\t\t\t<\/span>\n\t\t\t\t\t<\/a>\n\t\t\t\t<\/div>\n\t\t\t\t\t\t\t\t<\/div>\n\t\t\t\t<\/div>\n\t\t\t\t\t<\/div>\n\t\t<\/div>\n\t\t\t\t\t<\/div>\n\t\t<\/section>\n\t\t\t\t<\/div>\n\t\t","protected":false},"excerpt":{"rendered":"<p>HOTELS Panoramahotel BRAUNWALD Das Panoramahotel Braunwald ist ein renommiertes 4-Sterne-Hotel, das in den wundersch\u00f6nen Schweizer Alpen im Herzen von Braunwald liegt. Das Haus ist bekannt f\u00fcr seine Panoramalage, den direkten Zugang zu Outdoor-Aktivit\u00e4ten, den Komfort der Zimmer sowie die besondere Aufmerksamkeit f\u00fcr das Wohlbefinden und die Qualit\u00e4t des Erlebnisses seiner G\u00e4ste. Ein Ort, an dem<a class=\"more-link\" href=\"https:\/\/silko.it\/de\/realisationen\/panoramahotel\/\"><span class=\"screen-reader-text\">&#8222;Panoramahotel&#8220;<\/span> weiterlesen<\/a><\/p>\n","protected":false},"author":1,"featured_media":0,"parent":5716,"menu_order":0,"comment_status":"closed","ping_status":"closed","template":"","meta":{"_joinchat":[],"footnotes":""},"class_list":["post-18090","page","type-page","status-publish","hentry","entry"],"yoast_head":"<!-- This site is optimized with the Yoast SEO plugin v26.4 - https:\/\/yoast.com\/wordpress\/plugins\/seo\/ -->\n<title>Panoramahotel - Silko<\/title>\n<meta name=\"description\" content=\"Das Panoramahotel Braunwald setzt auf Silko f\u00fcr die professionelle K\u00fcche: Effizienz, Qualit\u00e4t und hohe Leistung f\u00fcr eine exzellente internationale Gastronomie.\" \/>\n<meta name=\"robots\" content=\"index, follow, max-snippet:-1, max-image-preview:large, max-video-preview:-1\" \/>\n<link rel=\"canonical\" href=\"https:\/\/silko.it\/de\/realisationen\/panoramahotel\/\" \/>\n<meta property=\"og:locale\" content=\"de_DE\" \/>\n<meta property=\"og:type\" content=\"article\" \/>\n<meta property=\"og:title\" content=\"Panoramahotel - Silko\" \/>\n<meta property=\"og:description\" content=\"Das Panoramahotel Braunwald setzt auf Silko f\u00fcr die professionelle K\u00fcche: Effizienz, Qualit\u00e4t und hohe Leistung f\u00fcr eine exzellente internationale Gastronomie.\" \/>\n<meta property=\"og:url\" content=\"https:\/\/silko.it\/de\/realisationen\/panoramahotel\/\" \/>\n<meta property=\"og:site_name\" content=\"Silko\" \/>\n<meta property=\"article:publisher\" content=\"https:\/\/www.facebook.com\/SilkoAli\/\" \/>\n<meta property=\"article:modified_time\" content=\"2026-05-11T10:16:24+00:00\" \/>\n<meta property=\"og:image\" content=\"https:\/\/silko.it\/wp-content\/uploads\/795174124.jpg\" \/>\n<meta name=\"twitter:card\" content=\"summary_large_image\" \/>\n<meta name=\"twitter:label1\" content=\"Gesch\u00e4tzte Lesezeit\" \/>\n\t<meta name=\"twitter:data1\" content=\"1\u00a0Minute\" \/>\n<script type=\"application\/ld+json\" class=\"yoast-schema-graph\">{\"@context\":\"https:\/\/schema.org\",\"@graph\":[{\"@type\":\"WebPage\",\"@id\":\"https:\/\/silko.it\/de\/realisationen\/panoramahotel\/\",\"url\":\"https:\/\/silko.it\/de\/realisationen\/panoramahotel\/\",\"name\":\"Panoramahotel - Silko\",\"isPartOf\":{\"@id\":\"https:\/\/silko.it\/#website\"},\"primaryImageOfPage\":{\"@id\":\"https:\/\/silko.it\/de\/realisationen\/panoramahotel\/#primaryimage\"},\"image\":{\"@id\":\"https:\/\/silko.it\/de\/realisationen\/panoramahotel\/#primaryimage\"},\"thumbnailUrl\":\"https:\/\/silko.it\/wp-content\/uploads\/795174124.jpg\",\"datePublished\":\"2026-02-17T12:46:02+00:00\",\"dateModified\":\"2026-05-11T10:16:24+00:00\",\"description\":\"Das Panoramahotel Braunwald setzt auf Silko f\u00fcr die professionelle K\u00fcche: Effizienz, Qualit\u00e4t und hohe Leistung f\u00fcr eine exzellente internationale Gastronomie.\",\"breadcrumb\":{\"@id\":\"https:\/\/silko.it\/de\/realisationen\/panoramahotel\/#breadcrumb\"},\"inLanguage\":\"de\",\"potentialAction\":[{\"@type\":\"ReadAction\",\"target\":[\"https:\/\/silko.it\/de\/realisationen\/panoramahotel\/\"]}]},{\"@type\":\"ImageObject\",\"inLanguage\":\"de\",\"@id\":\"https:\/\/silko.it\/de\/realisationen\/panoramahotel\/#primaryimage\",\"url\":\"https:\/\/silko.it\/wp-content\/uploads\/795174124.jpg\",\"contentUrl\":\"https:\/\/silko.it\/wp-content\/uploads\/795174124.jpg\"},{\"@type\":\"BreadcrumbList\",\"@id\":\"https:\/\/silko.it\/de\/realisationen\/panoramahotel\/#breadcrumb\",\"itemListElement\":[{\"@type\":\"ListItem\",\"position\":1,\"name\":\"Home\",\"item\":\"https:\/\/silko.it\/\"},{\"@type\":\"ListItem\",\"position\":2,\"name\":\"Realisationen\",\"item\":\"https:\/\/silko.it\/realizzazioni\/\"},{\"@type\":\"ListItem\",\"position\":3,\"name\":\"Panoramahotel\"}]},{\"@type\":\"WebSite\",\"@id\":\"https:\/\/silko.it\/#website\",\"url\":\"https:\/\/silko.it\/\",\"name\":\"https:\/\/silko.it\/\",\"description\":\"Cucine professionali e arredi per la ristorazione\",\"publisher\":{\"@id\":\"https:\/\/silko.it\/#organization\"},\"potentialAction\":[{\"@type\":\"SearchAction\",\"target\":{\"@type\":\"EntryPoint\",\"urlTemplate\":\"https:\/\/silko.it\/?s={search_term_string}\"},\"query-input\":{\"@type\":\"PropertyValueSpecification\",\"valueRequired\":true,\"valueName\":\"search_term_string\"}}],\"inLanguage\":\"de\"},{\"@type\":\"Organization\",\"@id\":\"https:\/\/silko.it\/#organization\",\"name\":\"Silko - Cucine professionali e attrezzature per la ristorazione\",\"url\":\"https:\/\/silko.it\/\",\"logo\":{\"@type\":\"ImageObject\",\"inLanguage\":\"de\",\"@id\":\"https:\/\/silko.it\/#\/schema\/logo\/image\/\",\"url\":\"https:\/\/silko.it\/wp-content\/uploads\/2023\/08\/silko-logo.webp\",\"contentUrl\":\"https:\/\/silko.it\/wp-content\/uploads\/2023\/08\/silko-logo.webp\",\"width\":186,\"height\":56,\"caption\":\"Silko - Cucine professionali e attrezzature per la ristorazione\"},\"image\":{\"@id\":\"https:\/\/silko.it\/#\/schema\/logo\/image\/\"},\"sameAs\":[\"https:\/\/www.facebook.com\/SilkoAli\/\",\"https:\/\/www.instagram.com\/silko_ali\/\",\"https:\/\/www.linkedin.com\/company\/silko-ali-s.p.a.\/\",\"https:\/\/www.youtube.com\/user\/SilkoAli\"]}]}<\/script>\n<!-- \/ Yoast SEO plugin. -->","yoast_head_json":{"title":"Panoramahotel - Silko","description":"Das Panoramahotel Braunwald setzt auf Silko f\u00fcr die professionelle K\u00fcche: Effizienz, Qualit\u00e4t und hohe Leistung f\u00fcr eine exzellente internationale Gastronomie.","robots":{"index":"index","follow":"follow","max-snippet":"max-snippet:-1","max-image-preview":"max-image-preview:large","max-video-preview":"max-video-preview:-1"},"canonical":"https:\/\/silko.it\/de\/realisationen\/panoramahotel\/","og_locale":"de_DE","og_type":"article","og_title":"Panoramahotel - Silko","og_description":"Das Panoramahotel Braunwald setzt auf Silko f\u00fcr die professionelle K\u00fcche: Effizienz, Qualit\u00e4t und hohe Leistung f\u00fcr eine exzellente internationale Gastronomie.","og_url":"https:\/\/silko.it\/de\/realisationen\/panoramahotel\/","og_site_name":"Silko","article_publisher":"https:\/\/www.facebook.com\/SilkoAli\/","article_modified_time":"2026-05-11T10:16:24+00:00","og_image":[{"url":"https:\/\/silko.it\/wp-content\/uploads\/795174124.jpg","type":"","width":"","height":""}],"twitter_card":"summary_large_image","twitter_misc":{"Gesch\u00e4tzte Lesezeit":"1\u00a0Minute"},"schema":{"@context":"https:\/\/schema.org","@graph":[{"@type":"WebPage","@id":"https:\/\/silko.it\/de\/realisationen\/panoramahotel\/","url":"https:\/\/silko.it\/de\/realisationen\/panoramahotel\/","name":"Panoramahotel - Silko","isPartOf":{"@id":"https:\/\/silko.it\/#website"},"primaryImageOfPage":{"@id":"https:\/\/silko.it\/de\/realisationen\/panoramahotel\/#primaryimage"},"image":{"@id":"https:\/\/silko.it\/de\/realisationen\/panoramahotel\/#primaryimage"},"thumbnailUrl":"https:\/\/silko.it\/wp-content\/uploads\/795174124.jpg","datePublished":"2026-02-17T12:46:02+00:00","dateModified":"2026-05-11T10:16:24+00:00","description":"Das Panoramahotel Braunwald setzt auf Silko f\u00fcr die professionelle K\u00fcche: Effizienz, Qualit\u00e4t und hohe Leistung f\u00fcr eine exzellente internationale Gastronomie.","breadcrumb":{"@id":"https:\/\/silko.it\/de\/realisationen\/panoramahotel\/#breadcrumb"},"inLanguage":"de","potentialAction":[{"@type":"ReadAction","target":["https:\/\/silko.it\/de\/realisationen\/panoramahotel\/"]}]},{"@type":"ImageObject","inLanguage":"de","@id":"https:\/\/silko.it\/de\/realisationen\/panoramahotel\/#primaryimage","url":"https:\/\/silko.it\/wp-content\/uploads\/795174124.jpg","contentUrl":"https:\/\/silko.it\/wp-content\/uploads\/795174124.jpg"},{"@type":"BreadcrumbList","@id":"https:\/\/silko.it\/de\/realisationen\/panoramahotel\/#breadcrumb","itemListElement":[{"@type":"ListItem","position":1,"name":"Home","item":"https:\/\/silko.it\/"},{"@type":"ListItem","position":2,"name":"Realisationen","item":"https:\/\/silko.it\/realizzazioni\/"},{"@type":"ListItem","position":3,"name":"Panoramahotel"}]},{"@type":"WebSite","@id":"https:\/\/silko.it\/#website","url":"https:\/\/silko.it\/","name":"https:\/\/silko.it\/","description":"Cucine professionali e arredi per la ristorazione","publisher":{"@id":"https:\/\/silko.it\/#organization"},"potentialAction":[{"@type":"SearchAction","target":{"@type":"EntryPoint","urlTemplate":"https:\/\/silko.it\/?s={search_term_string}"},"query-input":{"@type":"PropertyValueSpecification","valueRequired":true,"valueName":"search_term_string"}}],"inLanguage":"de"},{"@type":"Organization","@id":"https:\/\/silko.it\/#organization","name":"Silko - Cucine professionali e attrezzature per la ristorazione","url":"https:\/\/silko.it\/","logo":{"@type":"ImageObject","inLanguage":"de","@id":"https:\/\/silko.it\/#\/schema\/logo\/image\/","url":"https:\/\/silko.it\/wp-content\/uploads\/2023\/08\/silko-logo.webp","contentUrl":"https:\/\/silko.it\/wp-content\/uploads\/2023\/08\/silko-logo.webp","width":186,"height":56,"caption":"Silko - Cucine professionali e attrezzature per la ristorazione"},"image":{"@id":"https:\/\/silko.it\/#\/schema\/logo\/image\/"},"sameAs":["https:\/\/www.facebook.com\/SilkoAli\/","https:\/\/www.instagram.com\/silko_ali\/","https:\/\/www.linkedin.com\/company\/silko-ali-s.p.a.\/","https:\/\/www.youtube.com\/user\/SilkoAli"]}]}},"_links":{"self":[{"href":"https:\/\/silko.it\/de\/wp-json\/wp\/v2\/pages\/18090","targetHints":{"allow":["GET"]}}],"collection":[{"href":"https:\/\/silko.it\/de\/wp-json\/wp\/v2\/pages"}],"about":[{"href":"https:\/\/silko.it\/de\/wp-json\/wp\/v2\/types\/page"}],"author":[{"embeddable":true,"href":"https:\/\/silko.it\/de\/wp-json\/wp\/v2\/users\/1"}],"replies":[{"embeddable":true,"href":"https:\/\/silko.it\/de\/wp-json\/wp\/v2\/comments?post=18090"}],"version-history":[{"count":3,"href":"https:\/\/silko.it\/de\/wp-json\/wp\/v2\/pages\/18090\/revisions"}],"predecessor-version":[{"id":18093,"href":"https:\/\/silko.it\/de\/wp-json\/wp\/v2\/pages\/18090\/revisions\/18093"}],"up":[{"embeddable":true,"href":"https:\/\/silko.it\/de\/wp-json\/wp\/v2\/pages\/5716"}],"wp:attachment":[{"href":"https:\/\/silko.it\/de\/wp-json\/wp\/v2\/media?parent=18090"}],"curies":[{"name":"wp","href":"https:\/\/api.w.org\/{rel}","templated":true}]}}