{"id":17219,"date":"2025-07-11T13:47:23","date_gmt":"2025-07-11T12:47:23","guid":{"rendered":"https:\/\/silko.it\/realisations\/la-floridiana\/"},"modified":"2025-07-11T14:27:34","modified_gmt":"2025-07-11T13:27:34","slug":"la-floridiana","status":"publish","type":"page","link":"https:\/\/silko.it\/fr\/realisations\/la-floridiana\/","title":{"rendered":"La Floridiana"},"content":{"rendered":"\t\t<div data-elementor-type=\"wp-page\" data-elementor-id=\"17219\" class=\"elementor elementor-17219 elementor-17192\" data-elementor-post-type=\"page\">\n\t\t\t\t\t\t<section class=\"elementor-section elementor-top-section elementor-element elementor-element-9771046 elementor-section-full_width elementor-section-stretched elementor-section-height-default elementor-section-height-default\" data-id=\"9771046\" data-element_type=\"section\" data-settings=\"{&quot;stretch_section&quot;:&quot;section-stretched&quot;,&quot;background_background&quot;:&quot;classic&quot;}\">\n\t\t\t\t\t\t<div class=\"elementor-container elementor-column-gap-default\">\n\t\t\t\t\t<div class=\"elementor-column elementor-col-100 elementor-top-column elementor-element elementor-element-9179abc\" data-id=\"9179abc\" data-element_type=\"column\">\n\t\t\t<div class=\"elementor-widget-wrap\">\n\t\t\t\t\t\t\t<\/div>\n\t\t<\/div>\n\t\t\t\t\t<\/div>\n\t\t<\/section>\n\t\t\t\t<section class=\"elementor-section elementor-top-section elementor-element elementor-element-9f22c57 elementor-section-full_width elementor-section-height-min-height elementor-section-items-stretch elementor-section-stretched elementor-section-height-default\" data-id=\"9f22c57\" data-element_type=\"section\" data-settings=\"{&quot;stretch_section&quot;:&quot;section-stretched&quot;}\">\n\t\t\t\t\t\t<div class=\"elementor-container elementor-column-gap-default\">\n\t\t\t\t\t<div class=\"elementor-column elementor-col-100 elementor-top-column elementor-element elementor-element-c195f9d\" data-id=\"c195f9d\" data-element_type=\"column\" data-settings=\"{&quot;background_background&quot;:&quot;classic&quot;}\">\n\t\t\t<div class=\"elementor-widget-wrap\">\n\t\t\t\t\t\t\t<\/div>\n\t\t<\/div>\n\t\t\t\t\t<\/div>\n\t\t<\/section>\n\t\t\t\t<section class=\"elementor-section elementor-top-section elementor-element elementor-element-d308d31 elementor-section-stretched elementor-section-boxed elementor-section-height-default elementor-section-height-default\" data-id=\"d308d31\" data-element_type=\"section\" data-settings=\"{&quot;stretch_section&quot;:&quot;section-stretched&quot;}\">\n\t\t\t\t\t\t<div class=\"elementor-container elementor-column-gap-default\">\n\t\t\t\t\t<div class=\"elementor-column elementor-col-100 elementor-top-column elementor-element elementor-element-389fe74\" data-id=\"389fe74\" data-element_type=\"column\">\n\t\t\t<div class=\"elementor-widget-wrap elementor-element-populated\">\n\t\t\t\t\t\t<div class=\"elementor-element elementor-element-22a3d05 elementor-widget elementor-widget-shortcode\" data-id=\"22a3d05\" data-element_type=\"widget\" data-widget_type=\"shortcode.default\">\n\t\t\t\t<div class=\"elementor-widget-container\">\n\t\t\t\t\t\t\t<div class=\"elementor-shortcode\">\r\n<style>\r\n\r\nform{\r\n    color: #D6771D !important;\r\n}\r\n.submit {\r\n  padding: 0px 0px 0px 0px !important;\r\n  background-color: #FFFFFF !important;\r\n  color: #D6771D !important;\r\n  text-align: left !important;\r\n  display: inline-block !important;\r\n  font-style: 'Open Sans' !important;\r\n  font-size: 16px !important;\r\n  font-weight: 700 !important;\r\n  border: none;\r\n}\r\n\r\n<\/style>\r\n\r\n<form action =\"https:\/\/silko.it\/realizzazioni\/\" method=\"post\">\r\n  <button type=\"submit\" id=\"category\" name=\"category\" class=\"submit\" value=\"all\">R\u00c9ALISATIONS<\/button>\r\n  \/\r\n  <button type=\"submit\" id=\"category\" name=\"category\" class=\"submit\" value=\"hotel\">H\u00d4TELS<\/button>\r\n<\/form><\/div>\n\t\t\t\t\t\t<\/div>\n\t\t\t\t<\/div>\n\t\t\t\t<div class=\"elementor-element elementor-element-dd35bfa elementor-widget elementor-widget-text-editor\" data-id=\"dd35bfa\" data-element_type=\"widget\" data-widget_type=\"text-editor.default\">\n\t\t\t\t<div class=\"elementor-widget-container\">\n\t\t\t\t\t\t\t\t\t<p>H\u00d4TELS<\/p>\t\t\t\t\t\t\t\t<\/div>\n\t\t\t\t<\/div>\n\t\t\t\t<div class=\"elementor-element elementor-element-47479b1 elementor-widget elementor-widget-heading\" data-id=\"47479b1\" data-element_type=\"widget\" data-widget_type=\"heading.default\">\n\t\t\t\t<div class=\"elementor-widget-container\">\n\t\t\t\t\t<h4 class=\"elementor-heading-title elementor-size-default\">La Floridiana<\/h4>\t\t\t\t<\/div>\n\t\t\t\t<\/div>\n\t\t\t\t<div class=\"elementor-element elementor-element-a363217 elementor-widget elementor-widget-text-editor\" data-id=\"a363217\" data-element_type=\"widget\" data-widget_type=\"text-editor.default\">\n\t\t\t\t<div class=\"elementor-widget-container\">\n\t\t\t\t\t\t\t\t\t<p>CAPRI<\/p>\t\t\t\t\t\t\t\t<\/div>\n\t\t\t\t<\/div>\n\t\t\t\t\t<\/div>\n\t\t<\/div>\n\t\t\t\t\t<\/div>\n\t\t<\/section>\n\t\t\t\t<section class=\"elementor-section elementor-top-section elementor-element elementor-element-189ec72 elementor-section-stretched elementor-section-boxed elementor-section-height-default elementor-section-height-default\" data-id=\"189ec72\" data-element_type=\"section\" data-settings=\"{&quot;stretch_section&quot;:&quot;section-stretched&quot;}\">\n\t\t\t\t\t\t<div class=\"elementor-container elementor-column-gap-default\">\n\t\t\t\t\t<div class=\"elementor-column elementor-col-100 elementor-top-column elementor-element elementor-element-b919452\" data-id=\"b919452\" data-element_type=\"column\">\n\t\t\t<div class=\"elementor-widget-wrap elementor-element-populated\">\n\t\t\t\t\t\t<div class=\"elementor-element elementor-element-691ad7a elementor-widget elementor-widget-text-editor\" data-id=\"691ad7a\" data-element_type=\"widget\" data-widget_type=\"text-editor.default\">\n\t\t\t\t<div class=\"elementor-widget-container\">\n\t\t\t\t\t\t\t\t\t<p data-start=\"114\" data-end=\"527\">Situ\u00e9 au c\u0153ur de Capri, \u00e0 deux pas de la c\u00e9l\u00e8bre Piazzetta et avec une vue imprenable sur la mer, l\u2019<strong data-start=\"217\" data-end=\"242\">H\u00f4tel La Floridiana <\/strong>est une oasis historique de charme, d\u2019accueil et de beaut\u00e9 m\u00e9diterran\u00e9enne. Fond\u00e9 au d\u00e9but des ann\u00e9es 1900 par la famille Esposito, l\u2019h\u00f4tel a travers\u00e9 les g\u00e9n\u00e9rations en pr\u00e9servant son identit\u00e9 : une hospitalit\u00e9 chaleureuse, authentique et raffin\u00e9e, qui c\u00e9l\u00e8bre avec style la tradition capraise. <\/p><p data-start=\"529\" data-end=\"1060\">Afin d\u2019assurer un service \u00e0 la hauteur des attentes de ses h\u00f4tes, l\u2019h\u00f4tel a choisi de faire confiance \u00e0 <strong data-start=\"642\" data-end=\"651\">Silko<\/strong>. La propri\u00e9t\u00e9 a opt\u00e9 pour la ligne <strong data-start=\"765\" data-end=\"785\">Ikonico<\/strong>, qui allie design compact, hautes performances et solutions technologiques de pointe. Un choix pens\u00e9 pour optimiser chaque \u00e9tape du travail en cuisine, dans le respect total des valeurs d\u2019efficacit\u00e9, d\u2019hygi\u00e8ne et de qualit\u00e9 qui caract\u00e9risent depuis toujours La Floridiana. <\/p><p data-start=\"1062\" data-end=\"1300\">Un grand merci \u00e0 notre partenaire<strong data-start=\"1109\" data-end=\"1121\"> Palmieri,<\/strong> qui a suivi chaque \u00e9tape du projet avec comp\u00e9tence et attention, contribuant \u00e0 la r\u00e9alisation d\u2019une cuisine parfaitement int\u00e9gr\u00e9e au style et aux exigences de l\u2019h\u00f4tel.<\/p><p data-start=\"1302\" data-end=\"1453\">Une combinaison parfaite entre esth\u00e9tique et fonctionnalit\u00e9, pour une cuisine capable de r\u00e9pondre aux besoins d\u2019un \u00e9tablissement exclusif au c\u0153ur de Capri.<\/p>\t\t\t\t\t\t\t\t<\/div>\n\t\t\t\t<\/div>\n\t\t\t\t\t<\/div>\n\t\t<\/div>\n\t\t\t\t\t<\/div>\n\t\t<\/section>\n\t\t\t\t<section class=\"elementor-section elementor-top-section elementor-element elementor-element-0dba208 elementor-section-stretched elementor-section-height-min-height elementor-section-boxed elementor-section-height-default elementor-section-items-middle\" data-id=\"0dba208\" data-element_type=\"section\" data-settings=\"{&quot;stretch_section&quot;:&quot;section-stretched&quot;}\">\n\t\t\t\t\t\t<div class=\"elementor-container elementor-column-gap-default\">\n\t\t\t\t\t<div class=\"elementor-column elementor-col-100 elementor-top-column elementor-element elementor-element-7ba3f3b\" data-id=\"7ba3f3b\" data-element_type=\"column\">\n\t\t\t<div class=\"elementor-widget-wrap elementor-element-populated\">\n\t\t\t\t\t\t<div class=\"elementor-element elementor-element-839a198 elementor-arrows-position-inside elementor-widget elementor-widget-image-carousel\" data-id=\"839a198\" data-element_type=\"widget\" data-settings=\"{&quot;slides_to_show&quot;:&quot;1&quot;,&quot;navigation&quot;:&quot;arrows&quot;,&quot;autoplay&quot;:&quot;yes&quot;,&quot;pause_on_hover&quot;:&quot;yes&quot;,&quot;pause_on_interaction&quot;:&quot;yes&quot;,&quot;autoplay_speed&quot;:5000,&quot;infinite&quot;:&quot;yes&quot;,&quot;effect&quot;:&quot;slide&quot;,&quot;speed&quot;:500}\" data-widget_type=\"image-carousel.default\">\n\t\t\t\t<div class=\"elementor-widget-container\">\n\t\t\t\t\t\t\t<div class=\"elementor-image-carousel-wrapper swiper\" role=\"region\" aria-roledescription=\"carousel\" aria-label=\"Carosello d&#039;immagini\" dir=\"ltr\">\n\t\t\t<div class=\"elementor-image-carousel swiper-wrapper\" aria-live=\"off\">\n\t\t\t\t\t\t\t\t<div class=\"swiper-slide\" role=\"group\" aria-roledescription=\"slide\" aria-label=\"1 sur 4\"><figure class=\"swiper-slide-inner\"><img decoding=\"async\" class=\"swiper-slide-image\" src=\"https:\/\/silko.it\/wp-content\/uploads\/IMG-20250506-WA0009.jpg\" alt=\"IMG-20250506-WA0009\" \/><\/figure><\/div><div class=\"swiper-slide\" role=\"group\" aria-roledescription=\"slide\" aria-label=\"2 sur 4\"><figure class=\"swiper-slide-inner\"><img decoding=\"async\" class=\"swiper-slide-image\" src=\"https:\/\/silko.it\/wp-content\/uploads\/IMG-20250506-WA0003.jpg\" alt=\"IMG-20250506-WA0003\" \/><\/figure><\/div><div class=\"swiper-slide\" role=\"group\" aria-roledescription=\"slide\" aria-label=\"3 sur 4\"><figure class=\"swiper-slide-inner\"><img decoding=\"async\" class=\"swiper-slide-image\" src=\"https:\/\/silko.it\/wp-content\/uploads\/IMG-20250506-WA0008.jpg\" alt=\"IMG-20250506-WA0008\" \/><\/figure><\/div><div class=\"swiper-slide\" role=\"group\" aria-roledescription=\"slide\" aria-label=\"4 sur 4\"><figure class=\"swiper-slide-inner\"><img decoding=\"async\" class=\"swiper-slide-image\" src=\"https:\/\/silko.it\/wp-content\/uploads\/IMG-20250506-WA0009.jpg\" alt=\"IMG-20250506-WA0009\" \/><\/figure><\/div>\t\t\t<\/div>\n\t\t\t\t\t\t\t\t\t\t\t\t<div class=\"elementor-swiper-button elementor-swiper-button-prev\" role=\"button\" tabindex=\"0\">\n\t\t\t\t\t\t<i aria-hidden=\"true\" class=\"eicon-chevron-left\"><\/i>\t\t\t\t\t<\/div>\n\t\t\t\t\t<div class=\"elementor-swiper-button elementor-swiper-button-next\" role=\"button\" tabindex=\"0\">\n\t\t\t\t\t\t<i aria-hidden=\"true\" class=\"eicon-chevron-right\"><\/i>\t\t\t\t\t<\/div>\n\t\t\t\t\n\t\t\t\t\t\t\t\t\t<\/div>\n\t\t\t\t\t\t<\/div>\n\t\t\t\t<\/div>\n\t\t\t\t\t<\/div>\n\t\t<\/div>\n\t\t\t\t\t<\/div>\n\t\t<\/section>\n\t\t\t\t<section class=\"elementor-section elementor-top-section elementor-element elementor-element-31774f2 elementor-section-stretched elementor-section-boxed elementor-section-height-default elementor-section-height-default\" data-id=\"31774f2\" data-element_type=\"section\" data-settings=\"{&quot;stretch_section&quot;:&quot;section-stretched&quot;}\">\n\t\t\t\t\t\t<div class=\"elementor-container elementor-column-gap-default\">\n\t\t\t\t\t<div class=\"elementor-column elementor-col-50 elementor-top-column elementor-element elementor-element-c30a280\" data-id=\"c30a280\" data-element_type=\"column\">\n\t\t\t<div class=\"elementor-widget-wrap elementor-element-populated\">\n\t\t\t\t\t\t<div class=\"elementor-element elementor-element-fc0a8c8 elementor-align-left navigation-prev-realizzazioni elementor-widget elementor-widget-button\" data-id=\"fc0a8c8\" data-element_type=\"widget\" data-widget_type=\"button.default\">\n\t\t\t\t<div class=\"elementor-widget-container\">\n\t\t\t\t\t\t\t\t\t<div class=\"elementor-button-wrapper\">\n\t\t\t\t\t<a class=\"elementor-button elementor-button-link elementor-size-sm\" href=\"https:\/\/silko.it\/fr\/realisations\/hotel-royal\/\">\n\t\t\t\t\t\t<span class=\"elementor-button-content-wrapper\">\n\t\t\t\t\t\t\t\t\t<span class=\"elementor-button-text\">&lt; PR\u00c9C\u00c9DENT<\/span>\n\t\t\t\t\t<\/span>\n\t\t\t\t\t<\/a>\n\t\t\t\t<\/div>\n\t\t\t\t\t\t\t\t<\/div>\n\t\t\t\t<\/div>\n\t\t\t\t\t<\/div>\n\t\t<\/div>\n\t\t\t\t<div class=\"elementor-column elementor-col-50 elementor-top-column elementor-element elementor-element-b9f2933\" data-id=\"b9f2933\" data-element_type=\"column\">\n\t\t\t<div class=\"elementor-widget-wrap elementor-element-populated\">\n\t\t\t\t\t\t<div class=\"elementor-element elementor-element-d233f67 elementor-align-right navigation-next-realizzazioni elementor-widget elementor-widget-button\" data-id=\"d233f67\" data-element_type=\"widget\" data-widget_type=\"button.default\">\n\t\t\t\t<div class=\"elementor-widget-container\">\n\t\t\t\t\t\t\t\t\t<div class=\"elementor-button-wrapper\">\n\t\t\t\t\t<a class=\"elementor-button elementor-button-link elementor-size-sm\" href=\"https:\/\/silko.it\/fr\/realisations\/lemon-resort-spa\/\">\n\t\t\t\t\t\t<span class=\"elementor-button-content-wrapper\">\n\t\t\t\t\t\t\t\t\t<span class=\"elementor-button-text\">SUIVANT &gt;<\/span>\n\t\t\t\t\t<\/span>\n\t\t\t\t\t<\/a>\n\t\t\t\t<\/div>\n\t\t\t\t\t\t\t\t<\/div>\n\t\t\t\t<\/div>\n\t\t\t\t\t<\/div>\n\t\t<\/div>\n\t\t\t\t\t<\/div>\n\t\t<\/section>\n\t\t\t\t<\/div>\n\t\t","protected":false},"excerpt":{"rendered":"<p>H\u00d4TELS La Floridiana CAPRI Situ\u00e9 au c\u0153ur de Capri, \u00e0 deux pas de la c\u00e9l\u00e8bre Piazzetta et avec une vue imprenable sur la mer, l\u2019H\u00f4tel La Floridiana est une oasis historique de charme, d\u2019accueil et de beaut\u00e9 m\u00e9diterran\u00e9enne. Fond\u00e9 au d\u00e9but des ann\u00e9es 1900 par la famille Esposito, l\u2019h\u00f4tel a travers\u00e9 les g\u00e9n\u00e9rations en pr\u00e9servant<a class=\"more-link\" href=\"https:\/\/silko.it\/fr\/realisations\/la-floridiana\/\">Continue reading <span class=\"screen-reader-text\">\u00ab\u00a0La Floridiana\u00a0\u00bb<\/span><\/a><\/p>\n","protected":false},"author":1,"featured_media":0,"parent":5714,"menu_order":0,"comment_status":"closed","ping_status":"closed","template":"","meta":{"_joinchat":[],"footnotes":""},"class_list":["post-17219","page","type-page","status-publish","hentry","entry"],"yoast_head":"<!-- This site is optimized with the Yoast SEO plugin v26.4 - https:\/\/yoast.com\/wordpress\/plugins\/seo\/ -->\n<title>La Floridiana - Silko<\/title>\n<meta name=\"description\" content=\"Afin d\u2019assurer un service \u00e0 la hauteur des attentes de ses h\u00f4tes, l\u2019h\u00f4tel a choisi de faire confiance \u00e0 Silko. La propri\u00e9t\u00e9 a opt\u00e9 pour la ligne Ikonico, qui allie design compact, hautes performances et solutions technologiques de pointe.\" \/>\n<meta name=\"robots\" content=\"index, follow, max-snippet:-1, max-image-preview:large, max-video-preview:-1\" \/>\n<link rel=\"canonical\" href=\"https:\/\/silko.it\/fr\/realisations\/la-floridiana\/\" \/>\n<meta property=\"og:locale\" content=\"fr_FR\" \/>\n<meta property=\"og:type\" content=\"article\" \/>\n<meta property=\"og:title\" content=\"La Floridiana - Silko\" \/>\n<meta property=\"og:description\" content=\"Afin d\u2019assurer un service \u00e0 la hauteur des attentes de ses h\u00f4tes, l\u2019h\u00f4tel a choisi de faire confiance \u00e0 Silko. La propri\u00e9t\u00e9 a opt\u00e9 pour la ligne Ikonico, qui allie design compact, hautes performances et solutions technologiques de pointe.\" \/>\n<meta property=\"og:url\" content=\"https:\/\/silko.it\/fr\/realisations\/la-floridiana\/\" \/>\n<meta property=\"og:site_name\" content=\"Silko\" \/>\n<meta property=\"article:publisher\" content=\"https:\/\/www.facebook.com\/SilkoAli\/\" \/>\n<meta property=\"article:modified_time\" content=\"2025-07-11T13:27:34+00:00\" \/>\n<meta property=\"og:image\" content=\"https:\/\/silko.it\/wp-content\/uploads\/IMG-20250506-WA0009.jpg\" \/>\n<meta name=\"twitter:card\" content=\"summary_large_image\" \/>\n<meta name=\"twitter:label1\" content=\"Dur\u00e9e de lecture estim\u00e9e\" \/>\n\t<meta name=\"twitter:data1\" content=\"1 minute\" \/>\n<script type=\"application\/ld+json\" class=\"yoast-schema-graph\">{\"@context\":\"https:\/\/schema.org\",\"@graph\":[{\"@type\":\"WebPage\",\"@id\":\"https:\/\/silko.it\/fr\/realisations\/la-floridiana\/\",\"url\":\"https:\/\/silko.it\/fr\/realisations\/la-floridiana\/\",\"name\":\"La Floridiana - Silko\",\"isPartOf\":{\"@id\":\"https:\/\/silko.it\/#website\"},\"primaryImageOfPage\":{\"@id\":\"https:\/\/silko.it\/fr\/realisations\/la-floridiana\/#primaryimage\"},\"image\":{\"@id\":\"https:\/\/silko.it\/fr\/realisations\/la-floridiana\/#primaryimage\"},\"thumbnailUrl\":\"https:\/\/silko.it\/wp-content\/uploads\/IMG-20250506-WA0009.jpg\",\"datePublished\":\"2025-07-11T12:47:23+00:00\",\"dateModified\":\"2025-07-11T13:27:34+00:00\",\"description\":\"Afin d\u2019assurer un service \u00e0 la hauteur des attentes de ses h\u00f4tes, l\u2019h\u00f4tel a choisi de faire confiance \u00e0 Silko. La propri\u00e9t\u00e9 a opt\u00e9 pour la ligne Ikonico, qui allie design compact, hautes performances et solutions technologiques de pointe.\",\"breadcrumb\":{\"@id\":\"https:\/\/silko.it\/fr\/realisations\/la-floridiana\/#breadcrumb\"},\"inLanguage\":\"fr-FR\",\"potentialAction\":[{\"@type\":\"ReadAction\",\"target\":[\"https:\/\/silko.it\/fr\/realisations\/la-floridiana\/\"]}]},{\"@type\":\"ImageObject\",\"inLanguage\":\"fr-FR\",\"@id\":\"https:\/\/silko.it\/fr\/realisations\/la-floridiana\/#primaryimage\",\"url\":\"https:\/\/silko.it\/wp-content\/uploads\/IMG-20250506-WA0009.jpg\",\"contentUrl\":\"https:\/\/silko.it\/wp-content\/uploads\/IMG-20250506-WA0009.jpg\"},{\"@type\":\"BreadcrumbList\",\"@id\":\"https:\/\/silko.it\/fr\/realisations\/la-floridiana\/#breadcrumb\",\"itemListElement\":[{\"@type\":\"ListItem\",\"position\":1,\"name\":\"Home\",\"item\":\"https:\/\/silko.it\/\"},{\"@type\":\"ListItem\",\"position\":2,\"name\":\"R\u00e9alisations\",\"item\":\"https:\/\/silko.it\/realizzazioni\/\"},{\"@type\":\"ListItem\",\"position\":3,\"name\":\"La Floridiana\"}]},{\"@type\":\"WebSite\",\"@id\":\"https:\/\/silko.it\/#website\",\"url\":\"https:\/\/silko.it\/\",\"name\":\"https:\/\/silko.it\/\",\"description\":\"Cucine professionali e arredi per la ristorazione\",\"publisher\":{\"@id\":\"https:\/\/silko.it\/#organization\"},\"potentialAction\":[{\"@type\":\"SearchAction\",\"target\":{\"@type\":\"EntryPoint\",\"urlTemplate\":\"https:\/\/silko.it\/?s={search_term_string}\"},\"query-input\":{\"@type\":\"PropertyValueSpecification\",\"valueRequired\":true,\"valueName\":\"search_term_string\"}}],\"inLanguage\":\"fr-FR\"},{\"@type\":\"Organization\",\"@id\":\"https:\/\/silko.it\/#organization\",\"name\":\"Silko - Cucine professionali e attrezzature per la ristorazione\",\"url\":\"https:\/\/silko.it\/\",\"logo\":{\"@type\":\"ImageObject\",\"inLanguage\":\"fr-FR\",\"@id\":\"https:\/\/silko.it\/#\/schema\/logo\/image\/\",\"url\":\"https:\/\/silko.it\/wp-content\/uploads\/2023\/08\/silko-logo.webp\",\"contentUrl\":\"https:\/\/silko.it\/wp-content\/uploads\/2023\/08\/silko-logo.webp\",\"width\":186,\"height\":56,\"caption\":\"Silko - Cucine professionali e attrezzature per la ristorazione\"},\"image\":{\"@id\":\"https:\/\/silko.it\/#\/schema\/logo\/image\/\"},\"sameAs\":[\"https:\/\/www.facebook.com\/SilkoAli\/\",\"https:\/\/www.instagram.com\/silko_ali\/\",\"https:\/\/www.linkedin.com\/company\/silko-ali-s.p.a.\/\",\"https:\/\/www.youtube.com\/user\/SilkoAli\"]}]}<\/script>\n<!-- \/ Yoast SEO plugin. -->","yoast_head_json":{"title":"La Floridiana - Silko","description":"Afin d\u2019assurer un service \u00e0 la hauteur des attentes de ses h\u00f4tes, l\u2019h\u00f4tel a choisi de faire confiance \u00e0 Silko. La propri\u00e9t\u00e9 a opt\u00e9 pour la ligne Ikonico, qui allie design compact, hautes performances et solutions technologiques de pointe.","robots":{"index":"index","follow":"follow","max-snippet":"max-snippet:-1","max-image-preview":"max-image-preview:large","max-video-preview":"max-video-preview:-1"},"canonical":"https:\/\/silko.it\/fr\/realisations\/la-floridiana\/","og_locale":"fr_FR","og_type":"article","og_title":"La Floridiana - Silko","og_description":"Afin d\u2019assurer un service \u00e0 la hauteur des attentes de ses h\u00f4tes, l\u2019h\u00f4tel a choisi de faire confiance \u00e0 Silko. La propri\u00e9t\u00e9 a opt\u00e9 pour la ligne Ikonico, qui allie design compact, hautes performances et solutions technologiques de pointe.","og_url":"https:\/\/silko.it\/fr\/realisations\/la-floridiana\/","og_site_name":"Silko","article_publisher":"https:\/\/www.facebook.com\/SilkoAli\/","article_modified_time":"2025-07-11T13:27:34+00:00","og_image":[{"url":"https:\/\/silko.it\/wp-content\/uploads\/IMG-20250506-WA0009.jpg","type":"","width":"","height":""}],"twitter_card":"summary_large_image","twitter_misc":{"Dur\u00e9e de lecture estim\u00e9e":"1 minute"},"schema":{"@context":"https:\/\/schema.org","@graph":[{"@type":"WebPage","@id":"https:\/\/silko.it\/fr\/realisations\/la-floridiana\/","url":"https:\/\/silko.it\/fr\/realisations\/la-floridiana\/","name":"La Floridiana - Silko","isPartOf":{"@id":"https:\/\/silko.it\/#website"},"primaryImageOfPage":{"@id":"https:\/\/silko.it\/fr\/realisations\/la-floridiana\/#primaryimage"},"image":{"@id":"https:\/\/silko.it\/fr\/realisations\/la-floridiana\/#primaryimage"},"thumbnailUrl":"https:\/\/silko.it\/wp-content\/uploads\/IMG-20250506-WA0009.jpg","datePublished":"2025-07-11T12:47:23+00:00","dateModified":"2025-07-11T13:27:34+00:00","description":"Afin d\u2019assurer un service \u00e0 la hauteur des attentes de ses h\u00f4tes, l\u2019h\u00f4tel a choisi de faire confiance \u00e0 Silko. La propri\u00e9t\u00e9 a opt\u00e9 pour la ligne Ikonico, qui allie design compact, hautes performances et solutions technologiques de pointe.","breadcrumb":{"@id":"https:\/\/silko.it\/fr\/realisations\/la-floridiana\/#breadcrumb"},"inLanguage":"fr-FR","potentialAction":[{"@type":"ReadAction","target":["https:\/\/silko.it\/fr\/realisations\/la-floridiana\/"]}]},{"@type":"ImageObject","inLanguage":"fr-FR","@id":"https:\/\/silko.it\/fr\/realisations\/la-floridiana\/#primaryimage","url":"https:\/\/silko.it\/wp-content\/uploads\/IMG-20250506-WA0009.jpg","contentUrl":"https:\/\/silko.it\/wp-content\/uploads\/IMG-20250506-WA0009.jpg"},{"@type":"BreadcrumbList","@id":"https:\/\/silko.it\/fr\/realisations\/la-floridiana\/#breadcrumb","itemListElement":[{"@type":"ListItem","position":1,"name":"Home","item":"https:\/\/silko.it\/"},{"@type":"ListItem","position":2,"name":"R\u00e9alisations","item":"https:\/\/silko.it\/realizzazioni\/"},{"@type":"ListItem","position":3,"name":"La Floridiana"}]},{"@type":"WebSite","@id":"https:\/\/silko.it\/#website","url":"https:\/\/silko.it\/","name":"https:\/\/silko.it\/","description":"Cucine professionali e arredi per la ristorazione","publisher":{"@id":"https:\/\/silko.it\/#organization"},"potentialAction":[{"@type":"SearchAction","target":{"@type":"EntryPoint","urlTemplate":"https:\/\/silko.it\/?s={search_term_string}"},"query-input":{"@type":"PropertyValueSpecification","valueRequired":true,"valueName":"search_term_string"}}],"inLanguage":"fr-FR"},{"@type":"Organization","@id":"https:\/\/silko.it\/#organization","name":"Silko - Cucine professionali e attrezzature per la ristorazione","url":"https:\/\/silko.it\/","logo":{"@type":"ImageObject","inLanguage":"fr-FR","@id":"https:\/\/silko.it\/#\/schema\/logo\/image\/","url":"https:\/\/silko.it\/wp-content\/uploads\/2023\/08\/silko-logo.webp","contentUrl":"https:\/\/silko.it\/wp-content\/uploads\/2023\/08\/silko-logo.webp","width":186,"height":56,"caption":"Silko - Cucine professionali e attrezzature per la ristorazione"},"image":{"@id":"https:\/\/silko.it\/#\/schema\/logo\/image\/"},"sameAs":["https:\/\/www.facebook.com\/SilkoAli\/","https:\/\/www.instagram.com\/silko_ali\/","https:\/\/www.linkedin.com\/company\/silko-ali-s.p.a.\/","https:\/\/www.youtube.com\/user\/SilkoAli"]}]}},"_links":{"self":[{"href":"https:\/\/silko.it\/fr\/wp-json\/wp\/v2\/pages\/17219","targetHints":{"allow":["GET"]}}],"collection":[{"href":"https:\/\/silko.it\/fr\/wp-json\/wp\/v2\/pages"}],"about":[{"href":"https:\/\/silko.it\/fr\/wp-json\/wp\/v2\/types\/page"}],"author":[{"embeddable":true,"href":"https:\/\/silko.it\/fr\/wp-json\/wp\/v2\/users\/1"}],"replies":[{"embeddable":true,"href":"https:\/\/silko.it\/fr\/wp-json\/wp\/v2\/comments?post=17219"}],"version-history":[{"count":1,"href":"https:\/\/silko.it\/fr\/wp-json\/wp\/v2\/pages\/17219\/revisions"}],"predecessor-version":[{"id":17220,"href":"https:\/\/silko.it\/fr\/wp-json\/wp\/v2\/pages\/17219\/revisions\/17220"}],"up":[{"embeddable":true,"href":"https:\/\/silko.it\/fr\/wp-json\/wp\/v2\/pages\/5714"}],"wp:attachment":[{"href":"https:\/\/silko.it\/fr\/wp-json\/wp\/v2\/media?parent=17219"}],"curies":[{"name":"wp","href":"https:\/\/api.w.org\/{rel}","templated":true}]}}