{"id":4937,"date":"2023-11-15T16:01:14","date_gmt":"2023-11-15T16:01:14","guid":{"rendered":"https:\/\/silko.lithos.it\/345-restaurant\/"},"modified":"2024-03-05T12:54:41","modified_gmt":"2024-03-05T12:54:41","slug":"345-restaurant","status":"publish","type":"page","link":"https:\/\/silko.it\/fr\/realisations\/345-restaurant\/","title":{"rendered":"345 Restaurant"},"content":{"rendered":"\t\t<div data-elementor-type=\"wp-page\" data-elementor-id=\"4937\" class=\"elementor elementor-4937 elementor-4904\" data-elementor-post-type=\"page\">\n\t\t\t\t\t\t<section class=\"elementor-section elementor-top-section elementor-element elementor-element-9771046 elementor-section-full_width elementor-section-stretched elementor-section-height-default elementor-section-height-default\" data-id=\"9771046\" data-element_type=\"section\" data-settings=\"{&quot;stretch_section&quot;:&quot;section-stretched&quot;,&quot;background_background&quot;:&quot;classic&quot;}\">\n\t\t\t\t\t\t<div class=\"elementor-container elementor-column-gap-default\">\n\t\t\t\t\t<div class=\"elementor-column elementor-col-100 elementor-top-column elementor-element elementor-element-9179abc\" data-id=\"9179abc\" data-element_type=\"column\">\n\t\t\t<div class=\"elementor-widget-wrap\">\n\t\t\t\t\t\t\t<\/div>\n\t\t<\/div>\n\t\t\t\t\t<\/div>\n\t\t<\/section>\n\t\t\t\t<section class=\"elementor-section elementor-top-section elementor-element elementor-element-9f22c57 elementor-section-full_width elementor-section-height-min-height elementor-section-items-stretch elementor-section-stretched elementor-section-height-default\" data-id=\"9f22c57\" data-element_type=\"section\" data-settings=\"{&quot;stretch_section&quot;:&quot;section-stretched&quot;}\">\n\t\t\t\t\t\t<div class=\"elementor-container elementor-column-gap-default\">\n\t\t\t\t\t<div class=\"elementor-column elementor-col-100 elementor-top-column elementor-element elementor-element-c195f9d\" data-id=\"c195f9d\" data-element_type=\"column\" data-settings=\"{&quot;background_background&quot;:&quot;classic&quot;}\">\n\t\t\t<div class=\"elementor-widget-wrap\">\n\t\t\t\t\t\t\t<\/div>\n\t\t<\/div>\n\t\t\t\t\t<\/div>\n\t\t<\/section>\n\t\t\t\t<section class=\"elementor-section elementor-top-section elementor-element elementor-element-d308d31 elementor-section-stretched elementor-section-boxed elementor-section-height-default elementor-section-height-default\" data-id=\"d308d31\" data-element_type=\"section\" data-settings=\"{&quot;stretch_section&quot;:&quot;section-stretched&quot;}\">\n\t\t\t\t\t\t<div class=\"elementor-container elementor-column-gap-default\">\n\t\t\t\t\t<div class=\"elementor-column elementor-col-100 elementor-top-column elementor-element elementor-element-389fe74\" data-id=\"389fe74\" data-element_type=\"column\">\n\t\t\t<div class=\"elementor-widget-wrap elementor-element-populated\">\n\t\t\t\t\t\t<div class=\"elementor-element elementor-element-42a3f46 elementor-widget elementor-widget-shortcode\" data-id=\"42a3f46\" data-element_type=\"widget\" data-widget_type=\"shortcode.default\">\n\t\t\t\t<div class=\"elementor-widget-container\">\n\t\t\t\t\t\t\t<div class=\"elementor-shortcode\">\r\n<style>\r\n\r\nform{\r\n    color: #D6771D !important;\r\n}\r\n.submit {\r\n  padding: 0px 0px 0px 0px !important;\r\n  background-color: #FFFFFF !important;\r\n  color: #D6771D !important;\r\n  text-align: left !important;\r\n  display: inline-block !important;\r\n  font-style: 'Open Sans' !important;\r\n  font-size: 16px !important;\r\n  font-weight: 700 !important;\r\n  border: none;\r\n}\r\n\r\n<\/style>\r\n\r\n<form action =\"https:\/\/silko.it\/realizzazioni\/\" method=\"post\">\r\n  <button type=\"submit\" id=\"category\" name=\"category\" class=\"submit\" value=\"all\">R\u00c9ALISATIONS<\/button>\r\n  \/\r\n  <button type=\"submit\" id=\"category\" name=\"category\" class=\"submit\" value=\"ristoranti\">RESTAURANTS<\/button>\r\n<\/form><\/div>\n\t\t\t\t\t\t<\/div>\n\t\t\t\t<\/div>\n\t\t\t\t<div class=\"elementor-element elementor-element-c4d8a34 elementor-widget elementor-widget-text-editor\" data-id=\"c4d8a34\" data-element_type=\"widget\" data-widget_type=\"text-editor.default\">\n\t\t\t\t<div class=\"elementor-widget-container\">\n\t\t\t\t\t\t\t\t\t<p>RESTAURANTS<\/p>\n\t\t\t\t\t\t\t\t<\/div>\n\t\t\t\t<\/div>\n\t\t\t\t<div class=\"elementor-element elementor-element-47479b1 elementor-widget elementor-widget-heading\" data-id=\"47479b1\" data-element_type=\"widget\" data-widget_type=\"heading.default\">\n\t\t\t\t<div class=\"elementor-widget-container\">\n\t\t\t\t\t<h4 class=\"elementor-heading-title elementor-size-default\">365<\/h4>\t\t\t\t<\/div>\n\t\t\t\t<\/div>\n\t\t\t\t<div class=\"elementor-element elementor-element-a363217 elementor-widget elementor-widget-text-editor\" data-id=\"a363217\" data-element_type=\"widget\" data-widget_type=\"text-editor.default\">\n\t\t\t\t<div class=\"elementor-widget-container\">\n\t\t\t\t\t\t\t\t\t<p>BOLSHAYA NIKITSKAYA<\/p>\n\t\t\t\t\t\t\t\t<\/div>\n\t\t\t\t<\/div>\n\t\t\t\t\t<\/div>\n\t\t<\/div>\n\t\t\t\t\t<\/div>\n\t\t<\/section>\n\t\t\t\t<section class=\"elementor-section elementor-top-section elementor-element elementor-element-189ec72 elementor-section-stretched elementor-section-boxed elementor-section-height-default elementor-section-height-default\" data-id=\"189ec72\" data-element_type=\"section\" data-settings=\"{&quot;stretch_section&quot;:&quot;section-stretched&quot;}\">\n\t\t\t\t\t\t<div class=\"elementor-container elementor-column-gap-default\">\n\t\t\t\t\t<div class=\"elementor-column elementor-col-100 elementor-top-column elementor-element elementor-element-b919452\" data-id=\"b919452\" data-element_type=\"column\">\n\t\t\t<div class=\"elementor-widget-wrap elementor-element-populated\">\n\t\t\t\t\t\t<div class=\"elementor-element elementor-element-691ad7a elementor-widget elementor-widget-text-editor\" data-id=\"691ad7a\" data-element_type=\"widget\" data-widget_type=\"text-editor.default\">\n\t\t\t\t<div class=\"elementor-widget-container\">\n\t\t\t\t\t\t\t\t\t<p>Le restaurant 345 est une destination culinaire informelle qui se distingue par son engagement envers les traditions culinaires m\u00e9diterran\u00e9ennes et l&rsquo;utilisation d&rsquo;ingr\u00e9dients de saison de haute qualit\u00e9 \u00e0 chaque service.<\/p>\n<\/p>\n<p>La cuisine du 345 est remarquable pour son profond respect des racines culinaires et son engagement constant \u00e0 fournir des ingr\u00e9dients de premi\u00e8re qualit\u00e9 pour r\u00e9pondre aux besoins quotidiens des clients.<\/p>\n\t\t\t\t\t\t\t\t<\/div>\n\t\t\t\t<\/div>\n\t\t\t\t\t<\/div>\n\t\t<\/div>\n\t\t\t\t\t<\/div>\n\t\t<\/section>\n\t\t\t\t<section class=\"elementor-section elementor-top-section elementor-element elementor-element-0dba208 elementor-section-stretched elementor-section-boxed elementor-section-height-default elementor-section-height-default\" data-id=\"0dba208\" data-element_type=\"section\" data-settings=\"{&quot;stretch_section&quot;:&quot;section-stretched&quot;}\">\n\t\t\t\t\t\t<div class=\"elementor-container elementor-column-gap-default\">\n\t\t\t\t\t<div class=\"elementor-column elementor-col-100 elementor-top-column elementor-element elementor-element-7ba3f3b\" data-id=\"7ba3f3b\" data-element_type=\"column\">\n\t\t\t<div class=\"elementor-widget-wrap elementor-element-populated\">\n\t\t\t\t\t\t<div class=\"elementor-element elementor-element-839a198 elementor-arrows-position-inside elementor-widget elementor-widget-image-carousel\" data-id=\"839a198\" data-element_type=\"widget\" data-settings=\"{&quot;slides_to_show&quot;:&quot;1&quot;,&quot;navigation&quot;:&quot;arrows&quot;,&quot;autoplay&quot;:&quot;yes&quot;,&quot;pause_on_hover&quot;:&quot;yes&quot;,&quot;pause_on_interaction&quot;:&quot;yes&quot;,&quot;autoplay_speed&quot;:5000,&quot;infinite&quot;:&quot;yes&quot;,&quot;effect&quot;:&quot;slide&quot;,&quot;speed&quot;:500}\" data-widget_type=\"image-carousel.default\">\n\t\t\t\t<div class=\"elementor-widget-container\">\n\t\t\t\t\t\t\t<div class=\"elementor-image-carousel-wrapper swiper\" role=\"region\" aria-roledescription=\"carousel\" aria-label=\"Carrousel d\u2019images\" dir=\"ltr\">\n\t\t\t<div class=\"elementor-image-carousel swiper-wrapper\" aria-live=\"off\">\n\t\t\t\t\t\t\t\t<div class=\"swiper-slide\" role=\"group\" aria-roledescription=\"slide\" aria-label=\"1 sur 4\"><figure class=\"swiper-slide-inner\"><img decoding=\"async\" class=\"swiper-slide-image\" src=\"https:\/\/silko.it\/wp-content\/uploads\/345_slider_1-2048x1366.webp\" alt=\"345_slider_1\" \/><\/figure><\/div><div class=\"swiper-slide\" role=\"group\" aria-roledescription=\"slide\" aria-label=\"2 sur 4\"><figure class=\"swiper-slide-inner\"><img decoding=\"async\" class=\"swiper-slide-image\" src=\"https:\/\/silko.it\/wp-content\/uploads\/345_slider_2-2048x1366.webp\" alt=\"345_slider_2\" \/><\/figure><\/div><div class=\"swiper-slide\" role=\"group\" aria-roledescription=\"slide\" aria-label=\"3 sur 4\"><figure class=\"swiper-slide-inner\"><img decoding=\"async\" class=\"swiper-slide-image\" src=\"https:\/\/silko.it\/wp-content\/uploads\/345_slider_4-2048x1366.webp\" alt=\"345_slider_4\" \/><\/figure><\/div><div class=\"swiper-slide\" role=\"group\" aria-roledescription=\"slide\" aria-label=\"4 sur 4\"><figure class=\"swiper-slide-inner\"><img decoding=\"async\" class=\"swiper-slide-image\" src=\"https:\/\/silko.it\/wp-content\/uploads\/345_slider_3-2048x1366.webp\" alt=\"345_slider_3\" \/><\/figure><\/div>\t\t\t<\/div>\n\t\t\t\t\t\t\t\t\t\t\t\t<div class=\"elementor-swiper-button elementor-swiper-button-prev\" role=\"button\" tabindex=\"0\">\n\t\t\t\t\t\t<i aria-hidden=\"true\" class=\"eicon-chevron-left\"><\/i>\t\t\t\t\t<\/div>\n\t\t\t\t\t<div class=\"elementor-swiper-button elementor-swiper-button-next\" role=\"button\" tabindex=\"0\">\n\t\t\t\t\t\t<i aria-hidden=\"true\" class=\"eicon-chevron-right\"><\/i>\t\t\t\t\t<\/div>\n\t\t\t\t\n\t\t\t\t\t\t\t\t\t<\/div>\n\t\t\t\t\t\t<\/div>\n\t\t\t\t<\/div>\n\t\t\t\t\t<\/div>\n\t\t<\/div>\n\t\t\t\t\t<\/div>\n\t\t<\/section>\n\t\t\t\t<section class=\"elementor-section elementor-top-section elementor-element elementor-element-f5265f2 elementor-section-stretched elementor-section-boxed elementor-section-height-default elementor-section-height-default\" data-id=\"f5265f2\" data-element_type=\"section\" data-settings=\"{&quot;stretch_section&quot;:&quot;section-stretched&quot;}\">\n\t\t\t\t\t\t<div class=\"elementor-container elementor-column-gap-default\">\n\t\t\t\t\t<div class=\"elementor-column elementor-col-50 elementor-top-column elementor-element elementor-element-c9ea902\" data-id=\"c9ea902\" data-element_type=\"column\">\n\t\t\t<div class=\"elementor-widget-wrap elementor-element-populated\">\n\t\t\t\t\t\t<div class=\"elementor-element elementor-element-c0ea9bf elementor-align-left navigation-prev-realizzazioni elementor-hidden-desktop elementor-hidden-tablet elementor-hidden-mobile elementor-widget elementor-widget-button\" data-id=\"c0ea9bf\" data-element_type=\"widget\" data-widget_type=\"button.default\">\n\t\t\t\t<div class=\"elementor-widget-container\">\n\t\t\t\t\t\t\t\t\t<div class=\"elementor-button-wrapper\">\n\t\t\t\t\t<a class=\"elementor-button elementor-button-link elementor-size-sm\" href=\"https:\/\/silko.it\/fr\/realisations\/mensa-guidotti\/\">\n\t\t\t\t\t\t<span class=\"elementor-button-content-wrapper\">\n\t\t\t\t\t\t\t\t\t<span class=\"elementor-button-text\">&lt; PR\u00c9C\u00c9DENT<\/span>\n\t\t\t\t\t<\/span>\n\t\t\t\t\t<\/a>\n\t\t\t\t<\/div>\n\t\t\t\t\t\t\t\t<\/div>\n\t\t\t\t<\/div>\n\t\t\t\t\t<\/div>\n\t\t<\/div>\n\t\t\t\t<div class=\"elementor-column elementor-col-50 elementor-top-column elementor-element elementor-element-d5f94db\" data-id=\"d5f94db\" data-element_type=\"column\">\n\t\t\t<div class=\"elementor-widget-wrap elementor-element-populated\">\n\t\t\t\t\t\t<div class=\"elementor-element elementor-element-2b36827 elementor-align-right navigation-next-realizzazioni elementor-widget elementor-widget-button\" data-id=\"2b36827\" data-element_type=\"widget\" data-widget_type=\"button.default\">\n\t\t\t\t<div class=\"elementor-widget-container\">\n\t\t\t\t\t\t\t\t\t<div class=\"elementor-button-wrapper\">\n\t\t\t\t\t<a class=\"elementor-button elementor-button-link elementor-size-sm\" href=\"https:\/\/silko.it\/fr\/realisations\/restaurant-avocado-gang\/\">\n\t\t\t\t\t\t<span class=\"elementor-button-content-wrapper\">\n\t\t\t\t\t\t\t\t\t<span class=\"elementor-button-text\">SUIVANT &gt;<\/span>\n\t\t\t\t\t<\/span>\n\t\t\t\t\t<\/a>\n\t\t\t\t<\/div>\n\t\t\t\t\t\t\t\t<\/div>\n\t\t\t\t<\/div>\n\t\t\t\t\t<\/div>\n\t\t<\/div>\n\t\t\t\t\t<\/div>\n\t\t<\/section>\n\t\t\t\t<\/div>\n\t\t","protected":false},"excerpt":{"rendered":"<p>RESTAURANTS 365 BOLSHAYA NIKITSKAYA Le restaurant 345 est une destination culinaire informelle qui se distingue par son engagement envers les traditions culinaires m\u00e9diterran\u00e9ennes et l&rsquo;utilisation d&rsquo;ingr\u00e9dients de saison de haute qualit\u00e9 \u00e0 chaque service. La cuisine du 345 est remarquable pour son profond respect des racines culinaires et son engagement constant \u00e0 fournir des ingr\u00e9dients<a class=\"more-link\" href=\"https:\/\/silko.it\/fr\/realisations\/345-restaurant\/\">Continue reading <span class=\"screen-reader-text\">\u00ab\u00a0345 Restaurant\u00a0\u00bb<\/span><\/a><\/p>\n","protected":false},"author":1,"featured_media":0,"parent":5714,"menu_order":0,"comment_status":"closed","ping_status":"closed","template":"","meta":{"_joinchat":[],"footnotes":""},"class_list":["post-4937","page","type-page","status-publish","hentry","entry"],"yoast_head":"<!-- This site is optimized with the Yoast SEO plugin v26.4 - https:\/\/yoast.com\/wordpress\/plugins\/seo\/ -->\n<title>345 Restaurant - Silko<\/title>\n<meta name=\"robots\" content=\"index, follow, max-snippet:-1, max-image-preview:large, max-video-preview:-1\" \/>\n<link rel=\"canonical\" href=\"https:\/\/silko.it\/realizzazioni\/ristorante-345\/\" \/>\n<meta property=\"og:locale\" content=\"fr_FR\" \/>\n<meta property=\"og:type\" content=\"article\" \/>\n<meta property=\"og:title\" content=\"345 Restaurant - Silko\" \/>\n<meta property=\"og:description\" content=\"RESTAURANTS 365 BOLSHAYA NIKITSKAYA Le restaurant 345 est une destination culinaire informelle qui se distingue par son engagement envers les traditions culinaires m\u00e9diterran\u00e9ennes et l&rsquo;utilisation d&rsquo;ingr\u00e9dients de saison de haute qualit\u00e9 \u00e0 chaque service. La cuisine du 345 est remarquable pour son profond respect des racines culinaires et son engagement constant \u00e0 fournir des ingr\u00e9dientsContinue reading &quot;345 Restaurant&quot;\" \/>\n<meta property=\"og:url\" content=\"https:\/\/silko.it\/realizzazioni\/ristorante-345\/\" \/>\n<meta property=\"og:site_name\" content=\"Silko\" \/>\n<meta property=\"article:publisher\" content=\"https:\/\/www.facebook.com\/SilkoAli\/\" \/>\n<meta property=\"article:modified_time\" content=\"2024-03-05T12:54:41+00:00\" \/>\n<meta property=\"og:image\" content=\"https:\/\/silko.it\/wp-content\/uploads\/345_slider_1-2048x1366.webp\" \/>\n<meta name=\"twitter:card\" content=\"summary_large_image\" \/>\n<script type=\"application\/ld+json\" class=\"yoast-schema-graph\">{\"@context\":\"https:\/\/schema.org\",\"@graph\":[{\"@type\":\"WebPage\",\"@id\":\"https:\/\/silko.it\/realizzazioni\/ristorante-345\/\",\"url\":\"https:\/\/silko.it\/realizzazioni\/ristorante-345\/\",\"name\":\"345 Restaurant - Silko\",\"isPartOf\":{\"@id\":\"https:\/\/silko.it\/#website\"},\"primaryImageOfPage\":{\"@id\":\"https:\/\/silko.it\/realizzazioni\/ristorante-345\/#primaryimage\"},\"image\":{\"@id\":\"https:\/\/silko.it\/realizzazioni\/ristorante-345\/#primaryimage\"},\"thumbnailUrl\":\"https:\/\/silko.it\/wp-content\/uploads\/345_slider_1-2048x1366.webp\",\"datePublished\":\"2023-11-15T16:01:14+00:00\",\"dateModified\":\"2024-03-05T12:54:41+00:00\",\"breadcrumb\":{\"@id\":\"https:\/\/silko.it\/realizzazioni\/ristorante-345\/#breadcrumb\"},\"inLanguage\":\"fr-FR\",\"potentialAction\":[{\"@type\":\"ReadAction\",\"target\":[\"https:\/\/silko.it\/realizzazioni\/ristorante-345\/\"]}]},{\"@type\":\"ImageObject\",\"inLanguage\":\"fr-FR\",\"@id\":\"https:\/\/silko.it\/realizzazioni\/ristorante-345\/#primaryimage\",\"url\":\"https:\/\/silko.it\/wp-content\/uploads\/345_slider_1-2048x1366.webp\",\"contentUrl\":\"https:\/\/silko.it\/wp-content\/uploads\/345_slider_1-2048x1366.webp\"},{\"@type\":\"BreadcrumbList\",\"@id\":\"https:\/\/silko.it\/realizzazioni\/ristorante-345\/#breadcrumb\",\"itemListElement\":[{\"@type\":\"ListItem\",\"position\":1,\"name\":\"Home\",\"item\":\"https:\/\/silko.it\/\"},{\"@type\":\"ListItem\",\"position\":2,\"name\":\"R\u00e9alisations\",\"item\":\"https:\/\/silko.it\/realizzazioni\/\"},{\"@type\":\"ListItem\",\"position\":3,\"name\":\"345 Restaurant\"}]},{\"@type\":\"WebSite\",\"@id\":\"https:\/\/silko.it\/#website\",\"url\":\"https:\/\/silko.it\/\",\"name\":\"https:\/\/silko.it\/\",\"description\":\"Cucine professionali e arredi per la ristorazione\",\"publisher\":{\"@id\":\"https:\/\/silko.it\/#organization\"},\"potentialAction\":[{\"@type\":\"SearchAction\",\"target\":{\"@type\":\"EntryPoint\",\"urlTemplate\":\"https:\/\/silko.it\/?s={search_term_string}\"},\"query-input\":{\"@type\":\"PropertyValueSpecification\",\"valueRequired\":true,\"valueName\":\"search_term_string\"}}],\"inLanguage\":\"fr-FR\"},{\"@type\":\"Organization\",\"@id\":\"https:\/\/silko.it\/#organization\",\"name\":\"Silko - Cucine professionali e attrezzature per la ristorazione\",\"url\":\"https:\/\/silko.it\/\",\"logo\":{\"@type\":\"ImageObject\",\"inLanguage\":\"fr-FR\",\"@id\":\"https:\/\/silko.it\/#\/schema\/logo\/image\/\",\"url\":\"https:\/\/silko.it\/wp-content\/uploads\/2023\/08\/silko-logo.webp\",\"contentUrl\":\"https:\/\/silko.it\/wp-content\/uploads\/2023\/08\/silko-logo.webp\",\"width\":186,\"height\":56,\"caption\":\"Silko - Cucine professionali e attrezzature per la ristorazione\"},\"image\":{\"@id\":\"https:\/\/silko.it\/#\/schema\/logo\/image\/\"},\"sameAs\":[\"https:\/\/www.facebook.com\/SilkoAli\/\",\"https:\/\/www.instagram.com\/silko_ali\/\",\"https:\/\/www.linkedin.com\/company\/silko-ali-s.p.a.\/\",\"https:\/\/www.youtube.com\/user\/SilkoAli\"]}]}<\/script>\n<!-- \/ Yoast SEO plugin. -->","yoast_head_json":{"title":"345 Restaurant - Silko","robots":{"index":"index","follow":"follow","max-snippet":"max-snippet:-1","max-image-preview":"max-image-preview:large","max-video-preview":"max-video-preview:-1"},"canonical":"https:\/\/silko.it\/realizzazioni\/ristorante-345\/","og_locale":"fr_FR","og_type":"article","og_title":"345 Restaurant - Silko","og_description":"RESTAURANTS 365 BOLSHAYA NIKITSKAYA Le restaurant 345 est une destination culinaire informelle qui se distingue par son engagement envers les traditions culinaires m\u00e9diterran\u00e9ennes et l&rsquo;utilisation d&rsquo;ingr\u00e9dients de saison de haute qualit\u00e9 \u00e0 chaque service. La cuisine du 345 est remarquable pour son profond respect des racines culinaires et son engagement constant \u00e0 fournir des ingr\u00e9dientsContinue reading \"345 Restaurant\"","og_url":"https:\/\/silko.it\/realizzazioni\/ristorante-345\/","og_site_name":"Silko","article_publisher":"https:\/\/www.facebook.com\/SilkoAli\/","article_modified_time":"2024-03-05T12:54:41+00:00","og_image":[{"url":"https:\/\/silko.it\/wp-content\/uploads\/345_slider_1-2048x1366.webp","type":"","width":"","height":""}],"twitter_card":"summary_large_image","schema":{"@context":"https:\/\/schema.org","@graph":[{"@type":"WebPage","@id":"https:\/\/silko.it\/realizzazioni\/ristorante-345\/","url":"https:\/\/silko.it\/realizzazioni\/ristorante-345\/","name":"345 Restaurant - Silko","isPartOf":{"@id":"https:\/\/silko.it\/#website"},"primaryImageOfPage":{"@id":"https:\/\/silko.it\/realizzazioni\/ristorante-345\/#primaryimage"},"image":{"@id":"https:\/\/silko.it\/realizzazioni\/ristorante-345\/#primaryimage"},"thumbnailUrl":"https:\/\/silko.it\/wp-content\/uploads\/345_slider_1-2048x1366.webp","datePublished":"2023-11-15T16:01:14+00:00","dateModified":"2024-03-05T12:54:41+00:00","breadcrumb":{"@id":"https:\/\/silko.it\/realizzazioni\/ristorante-345\/#breadcrumb"},"inLanguage":"fr-FR","potentialAction":[{"@type":"ReadAction","target":["https:\/\/silko.it\/realizzazioni\/ristorante-345\/"]}]},{"@type":"ImageObject","inLanguage":"fr-FR","@id":"https:\/\/silko.it\/realizzazioni\/ristorante-345\/#primaryimage","url":"https:\/\/silko.it\/wp-content\/uploads\/345_slider_1-2048x1366.webp","contentUrl":"https:\/\/silko.it\/wp-content\/uploads\/345_slider_1-2048x1366.webp"},{"@type":"BreadcrumbList","@id":"https:\/\/silko.it\/realizzazioni\/ristorante-345\/#breadcrumb","itemListElement":[{"@type":"ListItem","position":1,"name":"Home","item":"https:\/\/silko.it\/"},{"@type":"ListItem","position":2,"name":"R\u00e9alisations","item":"https:\/\/silko.it\/realizzazioni\/"},{"@type":"ListItem","position":3,"name":"345 Restaurant"}]},{"@type":"WebSite","@id":"https:\/\/silko.it\/#website","url":"https:\/\/silko.it\/","name":"https:\/\/silko.it\/","description":"Cucine professionali e arredi per la ristorazione","publisher":{"@id":"https:\/\/silko.it\/#organization"},"potentialAction":[{"@type":"SearchAction","target":{"@type":"EntryPoint","urlTemplate":"https:\/\/silko.it\/?s={search_term_string}"},"query-input":{"@type":"PropertyValueSpecification","valueRequired":true,"valueName":"search_term_string"}}],"inLanguage":"fr-FR"},{"@type":"Organization","@id":"https:\/\/silko.it\/#organization","name":"Silko - Cucine professionali e attrezzature per la ristorazione","url":"https:\/\/silko.it\/","logo":{"@type":"ImageObject","inLanguage":"fr-FR","@id":"https:\/\/silko.it\/#\/schema\/logo\/image\/","url":"https:\/\/silko.it\/wp-content\/uploads\/2023\/08\/silko-logo.webp","contentUrl":"https:\/\/silko.it\/wp-content\/uploads\/2023\/08\/silko-logo.webp","width":186,"height":56,"caption":"Silko - Cucine professionali e attrezzature per la ristorazione"},"image":{"@id":"https:\/\/silko.it\/#\/schema\/logo\/image\/"},"sameAs":["https:\/\/www.facebook.com\/SilkoAli\/","https:\/\/www.instagram.com\/silko_ali\/","https:\/\/www.linkedin.com\/company\/silko-ali-s.p.a.\/","https:\/\/www.youtube.com\/user\/SilkoAli"]}]}},"_links":{"self":[{"href":"https:\/\/silko.it\/fr\/wp-json\/wp\/v2\/pages\/4937","targetHints":{"allow":["GET"]}}],"collection":[{"href":"https:\/\/silko.it\/fr\/wp-json\/wp\/v2\/pages"}],"about":[{"href":"https:\/\/silko.it\/fr\/wp-json\/wp\/v2\/types\/page"}],"author":[{"embeddable":true,"href":"https:\/\/silko.it\/fr\/wp-json\/wp\/v2\/users\/1"}],"replies":[{"embeddable":true,"href":"https:\/\/silko.it\/fr\/wp-json\/wp\/v2\/comments?post=4937"}],"version-history":[{"count":6,"href":"https:\/\/silko.it\/fr\/wp-json\/wp\/v2\/pages\/4937\/revisions"}],"predecessor-version":[{"id":10815,"href":"https:\/\/silko.it\/fr\/wp-json\/wp\/v2\/pages\/4937\/revisions\/10815"}],"up":[{"embeddable":true,"href":"https:\/\/silko.it\/fr\/wp-json\/wp\/v2\/pages\/5714"}],"wp:attachment":[{"href":"https:\/\/silko.it\/fr\/wp-json\/wp\/v2\/media?parent=4937"}],"curies":[{"name":"wp","href":"https:\/\/api.w.org\/{rel}","templated":true}]}}