{"id":5696,"date":"2023-08-10T08:53:59","date_gmt":"2023-08-10T08:53:59","guid":{"rendered":"https:\/\/silko.lithos.it\/produits\/"},"modified":"2024-07-11T10:22:05","modified_gmt":"2024-07-11T10:22:05","slug":"produits","status":"publish","type":"page","link":"https:\/\/silko.it\/fr\/produits\/","title":{"rendered":"Produits"},"content":{"rendered":"\t\t<div data-elementor-type=\"wp-page\" data-elementor-id=\"5696\" class=\"elementor elementor-5696 elementor-1043\" data-elementor-post-type=\"page\">\n\t\t\t\t\t\t<section class=\"elementor-section elementor-top-section elementor-element elementor-element-488198b elementor-section-full_width elementor-section-stretched elementor-section-height-default elementor-section-height-default\" data-id=\"488198b\" data-element_type=\"section\" data-settings=\"{&quot;stretch_section&quot;:&quot;section-stretched&quot;,&quot;background_background&quot;:&quot;classic&quot;}\">\n\t\t\t\t\t\t<div class=\"elementor-container elementor-column-gap-default\">\n\t\t\t\t\t<div class=\"elementor-column elementor-col-100 elementor-top-column elementor-element elementor-element-c8f4cb3\" data-id=\"c8f4cb3\" data-element_type=\"column\">\n\t\t\t<div class=\"elementor-widget-wrap\">\n\t\t\t\t\t\t\t<\/div>\n\t\t<\/div>\n\t\t\t\t\t<\/div>\n\t\t<\/section>\n\t\t\t\t<section class=\"elementor-section elementor-top-section elementor-element elementor-element-c814b8a elementor-section-full_width elementor-section-height-min-height elementor-section-stretched elementor-hidden-mobile elementor-section-height-default elementor-section-items-middle\" data-id=\"c814b8a\" data-element_type=\"section\" data-settings=\"{&quot;stretch_section&quot;:&quot;section-stretched&quot;}\">\n\t\t\t\t\t\t<div class=\"elementor-container elementor-column-gap-default\">\n\t\t\t\t\t<div class=\"elementor-column elementor-col-33 elementor-top-column elementor-element elementor-element-50e82ea clickable mouse-hover elementor-invisible\" data-id=\"50e82ea\" data-element_type=\"column\" data-settings=\"{&quot;background_background&quot;:&quot;classic&quot;,&quot;animation&quot;:&quot;fadeIn&quot;,&quot;animation_delay&quot;:200}\">\n\t\t\t<div class=\"elementor-widget-wrap elementor-element-populated\">\n\t\t\t\t\t<div class=\"elementor-background-overlay\"><\/div>\n\t\t\t\t\t\t<div class=\"elementor-element elementor-element-2d843b4 elementor-widget elementor-widget-text-editor\" data-id=\"2d843b4\" data-element_type=\"widget\" data-widget_type=\"text-editor.default\">\n\t\t\t\t<div class=\"elementor-widget-container\">\n\t\t\t\t\t\t\t\t\t<a class=\"space-bt-prodotti\" href=\"https:\/\/silko.it\/fr\/produits\/essence\/\">ESSENCE<\/a>\t\t\t\t\t\t\t\t<\/div>\n\t\t\t\t<\/div>\n\t\t\t\t<div class=\"elementor-element elementor-element-fddab7b elementor-widget elementor-widget-text-editor\" data-id=\"fddab7b\" data-element_type=\"widget\" data-widget_type=\"text-editor.default\">\n\t\t\t\t<div class=\"elementor-widget-container\">\n\t\t\t\t\t\t\t\t\t<a style=\"border: none; color: #ffffff;\" href=\"https:\/\/silko.it\/fr\/produits\/essence\/\">ESSENCE &gt;<\/a>\t\t\t\t\t\t\t\t<\/div>\n\t\t\t\t<\/div>\n\t\t\t\t<div class=\"elementor-element elementor-element-5254a53 elementor-widget elementor-widget-text-editor\" data-id=\"5254a53\" data-element_type=\"widget\" data-widget_type=\"text-editor.default\">\n\t\t\t\t<div class=\"elementor-widget-container\">\n\t\t\t\t\t\t\t\t\t<p>D\u00c9COUVREZ LA CUISSON MODULAIRE<\/p>\n\t\t\t\t\t\t\t\t<\/div>\n\t\t\t\t<\/div>\n\t\t\t\t\t<\/div>\n\t\t<\/div>\n\t\t\t\t<div class=\"elementor-column elementor-col-33 elementor-top-column elementor-element elementor-element-6afadd1 clickable mouse-hover elementor-invisible\" data-id=\"6afadd1\" data-element_type=\"column\" id=\"ikonico\" data-settings=\"{&quot;background_background&quot;:&quot;classic&quot;,&quot;animation&quot;:&quot;fadeIn&quot;,&quot;animation_delay&quot;:200}\">\n\t\t\t<div class=\"elementor-widget-wrap elementor-element-populated\">\n\t\t\t\t\t<div class=\"elementor-background-overlay\"><\/div>\n\t\t\t\t\t\t<div class=\"elementor-element elementor-element-55cb080 elementor-widget elementor-widget-text-editor\" data-id=\"55cb080\" data-element_type=\"widget\" data-widget_type=\"text-editor.default\">\n\t\t\t\t<div class=\"elementor-widget-container\">\n\t\t\t\t\t\t\t\t\t<a class=\"space-bt-prodotti\" href=\"https:\/\/silko.it\/fr\/produits\/ikonico\/\">IKONICO<\/a>\t\t\t\t\t\t\t\t<\/div>\n\t\t\t\t<\/div>\n\t\t\t\t<div class=\"elementor-element elementor-element-767c55a elementor-widget elementor-widget-text-editor\" data-id=\"767c55a\" data-element_type=\"widget\" data-widget_type=\"text-editor.default\">\n\t\t\t\t<div class=\"elementor-widget-container\">\n\t\t\t\t\t\t\t\t\t<a style=\"border: none; color: #ffffff;\" href=\"https:\/\/silko.it\/fr\/produits\/ikonico\/\">IKONICO &gt;<\/a>\t\t\t\t\t\t\t\t<\/div>\n\t\t\t\t<\/div>\n\t\t\t\t<div class=\"elementor-element elementor-element-ddb8b6d elementor-widget elementor-widget-text-editor\" data-id=\"ddb8b6d\" data-element_type=\"widget\" data-widget_type=\"text-editor.default\">\n\t\t\t\t<div class=\"elementor-widget-container\">\n\t\t\t\t\t\t\t\t\t<p>LE PLAN DE TRAVAIL UNIQUE SUR MESURE<\/p>\n\t\t\t\t\t\t\t\t<\/div>\n\t\t\t\t<\/div>\n\t\t\t\t\t<\/div>\n\t\t<\/div>\n\t\t\t\t<div class=\"elementor-column elementor-col-33 elementor-top-column elementor-element elementor-element-ffc83ad clickable mouse-hover elementor-invisible\" data-id=\"ffc83ad\" data-element_type=\"column\" id=\"exclusive\" data-settings=\"{&quot;background_background&quot;:&quot;classic&quot;,&quot;animation&quot;:&quot;fadeIn&quot;,&quot;animation_delay&quot;:200}\">\n\t\t\t<div class=\"elementor-widget-wrap elementor-element-populated\">\n\t\t\t\t\t<div class=\"elementor-background-overlay\"><\/div>\n\t\t\t\t\t\t<div class=\"elementor-element elementor-element-b48e2f1 elementor-widget elementor-widget-text-editor\" data-id=\"b48e2f1\" data-element_type=\"widget\" data-widget_type=\"text-editor.default\">\n\t\t\t\t<div class=\"elementor-widget-container\">\n\t\t\t\t\t\t\t\t\t<a class=\"space-bt-prodotti\" href=\"https:\/\/silko.it\/fr\/produits\/exclusive\/\">EXCLUSIVE<\/a>\t\t\t\t\t\t\t\t<\/div>\n\t\t\t\t<\/div>\n\t\t\t\t<div class=\"elementor-element elementor-element-55d2d2d elementor-widget elementor-widget-text-editor\" data-id=\"55d2d2d\" data-element_type=\"widget\" data-widget_type=\"text-editor.default\">\n\t\t\t\t<div class=\"elementor-widget-container\">\n\t\t\t\t\t\t\t\t\t<a style=\"border: none; color: #ffffff;\" href=\"https:\/\/silko.it\/fr\/produits\/exclusive\/\">EXCLUSIVE &gt;<\/a>\t\t\t\t\t\t\t\t<\/div>\n\t\t\t\t<\/div>\n\t\t\t\t<div class=\"elementor-element elementor-element-b09a2da elementor-widget elementor-widget-text-editor\" data-id=\"b09a2da\" data-element_type=\"widget\" data-widget_type=\"text-editor.default\">\n\t\t\t\t<div class=\"elementor-widget-container\">\n\t\t\t\t\t\t\t\t\t<p>CUISINES EXT\u00c9RIEURES<\/p>\n\t\t\t\t\t\t\t\t<\/div>\n\t\t\t\t<\/div>\n\t\t\t\t\t<\/div>\n\t\t<\/div>\n\t\t\t\t\t<\/div>\n\t\t<\/section>\n\t\t\t\t<section class=\"elementor-section elementor-top-section elementor-element elementor-element-9911e01 elementor-section-full_width elementor-section-height-min-height elementor-section-items-stretch elementor-section-stretched elementor-hidden-desktop elementor-hidden-tablet elementor-section-height-default\" data-id=\"9911e01\" data-element_type=\"section\" data-settings=\"{&quot;stretch_section&quot;:&quot;section-stretched&quot;,&quot;background_background&quot;:&quot;classic&quot;}\">\n\t\t\t\t\t\t<div class=\"elementor-container elementor-column-gap-narrow\">\n\t\t\t\t\t<div class=\"elementor-column elementor-col-33 elementor-top-column elementor-element elementor-element-d5bd59f clickable\" data-id=\"d5bd59f\" data-element_type=\"column\" id=\"essence\" data-settings=\"{&quot;background_background&quot;:&quot;classic&quot;}\">\n\t\t\t<div class=\"elementor-widget-wrap elementor-element-populated\">\n\t\t\t\t\t<div class=\"elementor-background-overlay\"><\/div>\n\t\t\t\t\t\t<div class=\"elementor-element elementor-element-ac52b72 elementor-widget elementor-widget-text-editor\" data-id=\"ac52b72\" data-element_type=\"widget\" data-widget_type=\"text-editor.default\">\n\t\t\t\t<div class=\"elementor-widget-container\">\n\t\t\t\t\t\t\t\t\t<p><a style=\"border: none; color: #ffffff;\" href=\"https:\/\/silko.it\/fr\/produits\/essence\/\">ESSENCE &gt;<\/a><\/p>\n\t\t\t\t\t\t\t\t<\/div>\n\t\t\t\t<\/div>\n\t\t\t\t<div class=\"elementor-element elementor-element-d175415 elementor-widget elementor-widget-text-editor\" data-id=\"d175415\" data-element_type=\"widget\" data-widget_type=\"text-editor.default\">\n\t\t\t\t<div class=\"elementor-widget-container\">\n\t\t\t\t\t\t\t\t\t<p>D\u00c9COUVREZ LA CUISSON MODULAIRE<\/p>\n\t\t\t\t\t\t\t\t<\/div>\n\t\t\t\t<\/div>\n\t\t\t\t\t<\/div>\n\t\t<\/div>\n\t\t\t\t<div class=\"elementor-column elementor-col-33 elementor-top-column elementor-element elementor-element-ec09530 clickable\" data-id=\"ec09530\" data-element_type=\"column\" id=\"ikonico\" data-settings=\"{&quot;background_background&quot;:&quot;classic&quot;}\">\n\t\t\t<div class=\"elementor-widget-wrap elementor-element-populated\">\n\t\t\t\t\t<div class=\"elementor-background-overlay\"><\/div>\n\t\t\t\t\t\t<div class=\"elementor-element elementor-element-fa6339e elementor-widget elementor-widget-text-editor\" data-id=\"fa6339e\" data-element_type=\"widget\" data-widget_type=\"text-editor.default\">\n\t\t\t\t<div class=\"elementor-widget-container\">\n\t\t\t\t\t\t\t\t\t<p><a style=\"border: none; color: #ffffff;\" href=\"https:\/\/silko.it\/fr\/produits\/ikonico\/\">IKONICO &gt;<\/a><\/p>\n\t\t\t\t\t\t\t\t<\/div>\n\t\t\t\t<\/div>\n\t\t\t\t<div class=\"elementor-element elementor-element-785bab2 elementor-widget elementor-widget-text-editor\" data-id=\"785bab2\" data-element_type=\"widget\" data-widget_type=\"text-editor.default\">\n\t\t\t\t<div class=\"elementor-widget-container\">\n\t\t\t\t\t\t\t\t\t<p>LE PLAN DE TRAVAIL UNIQUE SUR MESURE<\/p>\n\t\t\t\t\t\t\t\t<\/div>\n\t\t\t\t<\/div>\n\t\t\t\t\t<\/div>\n\t\t<\/div>\n\t\t\t\t<div class=\"elementor-column elementor-col-33 elementor-top-column elementor-element elementor-element-cd212ff clickable\" data-id=\"cd212ff\" data-element_type=\"column\" id=\"exclusive\" data-settings=\"{&quot;background_background&quot;:&quot;classic&quot;}\">\n\t\t\t<div class=\"elementor-widget-wrap elementor-element-populated\">\n\t\t\t\t\t<div class=\"elementor-background-overlay\"><\/div>\n\t\t\t\t\t\t<div class=\"elementor-element elementor-element-849d6db elementor-widget elementor-widget-text-editor\" data-id=\"849d6db\" data-element_type=\"widget\" data-widget_type=\"text-editor.default\">\n\t\t\t\t<div class=\"elementor-widget-container\">\n\t\t\t\t\t\t\t\t\t<p><a style=\"border: none; color: #ffffff;\" href=\"https:\/\/silko.it\/fr\/produits\/exclusive\/\">EXCLUSIVE &gt;<\/a><\/p>\n\t\t\t\t\t\t\t\t<\/div>\n\t\t\t\t<\/div>\n\t\t\t\t<div class=\"elementor-element elementor-element-d58a36b elementor-widget elementor-widget-text-editor\" data-id=\"d58a36b\" data-element_type=\"widget\" data-widget_type=\"text-editor.default\">\n\t\t\t\t<div class=\"elementor-widget-container\">\n\t\t\t\t\t\t\t\t\t<p>CUISINES EXT\u00c9RIEURES<\/p>\n\t\t\t\t\t\t\t\t<\/div>\n\t\t\t\t<\/div>\n\t\t\t\t\t<\/div>\n\t\t<\/div>\n\t\t\t\t\t<\/div>\n\t\t<\/section>\n\t\t\t\t<section class=\"elementor-section elementor-top-section elementor-element elementor-element-eabae12 elementor-section-stretched elementor-section-boxed elementor-section-height-default elementor-section-height-default elementor-invisible\" data-id=\"eabae12\" data-element_type=\"section\" data-settings=\"{&quot;stretch_section&quot;:&quot;section-stretched&quot;,&quot;background_background&quot;:&quot;classic&quot;,&quot;animation&quot;:&quot;fadeIn&quot;,&quot;animation_delay&quot;:200}\">\n\t\t\t\t\t\t<div class=\"elementor-container elementor-column-gap-default\">\n\t\t\t\t\t<div class=\"elementor-column elementor-col-100 elementor-top-column elementor-element elementor-element-220f25b\" data-id=\"220f25b\" data-element_type=\"column\">\n\t\t\t<div class=\"elementor-widget-wrap elementor-element-populated\">\n\t\t\t\t\t\t<div class=\"elementor-element elementor-element-8beafc8 elementor-widget elementor-widget-heading\" data-id=\"8beafc8\" data-element_type=\"widget\" data-widget_type=\"heading.default\">\n\t\t\t\t<div class=\"elementor-widget-container\">\n\t\t\t\t\t<h4 class=\"elementor-heading-title elementor-size-default\">Vous souhaitez \u00eatre tenu au courant de l'actualit\u00e9 de Silko ?<\/h4>\t\t\t\t<\/div>\n\t\t\t\t<\/div>\n\t\t\t\t<div class=\"elementor-element elementor-element-4b8023c elementor-widget elementor-widget-text-editor\" data-id=\"4b8023c\" data-element_type=\"widget\" data-widget_type=\"text-editor.default\">\n\t\t\t\t<div class=\"elementor-widget-container\">\n\t\t\t\t\t\t\t\t\t<p>Abonnez-vous \u00e0 la newsletter!<\/p>\n\t\t\t\t\t\t\t\t<\/div>\n\t\t\t\t<\/div>\n\t\t\t\t<div class=\"elementor-element elementor-element-c048100 elementor-widget elementor-widget-shortcode\" data-id=\"c048100\" data-element_type=\"widget\" data-widget_type=\"shortcode.default\">\n\t\t\t\t<div class=\"elementor-widget-container\">\n\t\t\t\t\t\t\t<div class=\"elementor-shortcode\"><script>(function() {\n\twindow.mc4wp = window.mc4wp || {\n\t\tlisteners: [],\n\t\tforms: {\n\t\t\ton: function(evt, cb) {\n\t\t\t\twindow.mc4wp.listeners.push(\n\t\t\t\t\t{\n\t\t\t\t\t\tevent   : evt,\n\t\t\t\t\t\tcallback: cb\n\t\t\t\t\t}\n\t\t\t\t);\n\t\t\t}\n\t\t}\n\t}\n})();\n<\/script><!-- Mailchimp for WordPress v4.10.2 - https:\/\/wordpress.org\/plugins\/mailchimp-for-wp\/ --><form id=\"mc4wp-form-1\" class=\"mc4wp-form mc4wp-form-4490\" method=\"post\" data-id=\"4490\" data-name=\"Newsletter\" ><div class=\"mc4wp-form-fields\"><div id=\"newsletter\" style=\" display: flex;\r\n             align-items: center;\r\n             justify-content: center;\r\n             height: 40px;\r\n             border: 1px solid #002940;\r\n             background: #FFFFFF;\r\n             padding: 5px;\r\n             left: auto;\r\n            right: auto;\">\r\n  <input id=\"newsletter-input\" type=\"email\" name=\"EMAIL\" placeholder=\"\" style=\"  \r\n    \t          border: none;\r\n                  text-align: center;\r\n                  font-family: Open Sans, Regular;\r\n                  font-size: 14px;\r\n                  color: #002940;\r\n                  opacity: 0.5;\r\n                  \r\n                width: 100%;\" required=\"\">\r\n  <button type=\"submit\" class=\"btn-newsletter\">&gt;<\/button>\r\n<\/div>\r\n\r\n<script>\r\n  \/\/ Funzione per ottenere la lingua dalla URL\r\nfunction getLanguageFromURL() {\r\n  const url = window.location.href;\r\n  if (url.includes(\"\/de\/\")) {\r\n    return \"de\"; \/\/ Tedesco\r\n  } else if (url.includes(\"\/fr\/\")) {\r\n    return \"fr\"; \/\/ Francese\r\n  } else if (url.includes(\"\/en\/\")) {\r\n    return \"en\"; \/\/ Inglese\r\n  } else {\r\n    return \"it\"; \/\/ Italiano\r\n  }\r\n}\r\n\r\n\/\/ Funzione per impostare il placeholder in base alla lingua\r\nfunction setPlaceholderByLanguage() {\r\n  const language = getLanguageFromURL();\r\n  const input = document.getElementById(\"newsletter-input\");\r\n  let placeholderText = \"\";\r\n\r\n  switch (language) {\r\n    case \"de\":\r\n      placeholderText = \"Ihre E-Mail eingeben\";\r\n      break;\r\n    case \"fr\":\r\n      placeholderText = \"Saisissez votre adresse \u00e9lectronique\";\r\n      break;\r\n    case \"en\":\r\n      placeholderText = \"Enter your email\";\r\n      break;\r\n    case \"it\":\r\n    default:\r\n      placeholderText = \"Inserisci la tua email\";\r\n  }\r\n\r\n  input.setAttribute(\"placeholder\", placeholderText);\r\n}\r\n\r\n\/\/ Chiamata alla funzione per impostare il placeholder quando il documento \u00e8 pronto\r\ndocument.addEventListener(\"DOMContentLoaded\", function() {\r\n  setPlaceholderByLanguage();\r\n});\r\n\r\n<\/script><\/div><label style=\"display: none !important;\">Laissez ce champ vide si vous \u00eates humain\u00a0: <input type=\"text\" name=\"_mc4wp_honeypot\" value=\"\" tabindex=\"-1\" autocomplete=\"off\" \/><\/label><input type=\"hidden\" name=\"_mc4wp_timestamp\" value=\"1776937616\" \/><input type=\"hidden\" name=\"_mc4wp_form_id\" value=\"4490\" \/><input type=\"hidden\" name=\"_mc4wp_form_element_id\" value=\"mc4wp-form-1\" \/><div class=\"mc4wp-response\"><\/div><\/form><!-- \/ Mailchimp for WordPress Plugin --><\/div>\n\t\t\t\t\t\t<\/div>\n\t\t\t\t<\/div>\n\t\t\t\t<div class=\"elementor-element elementor-element-048be3f policy-link elementor-widget elementor-widget-text-editor\" data-id=\"048be3f\" data-element_type=\"widget\" data-widget_type=\"text-editor.default\">\n\t\t\t\t<div class=\"elementor-widget-container\">\n\t\t\t\t\t\t\t\t\t<p class=\"elementor-heading-title elementor-size-default\"><a href=\"https:\/\/silko.it\/fr\/legal-notices-and-gdpr-privacy-policy\/\" target=\"_blank\">Legal Notices and GDPR Privacy Policy<\/a><\/p>\n\t\t\t\t\t\t\t\t<\/div>\n\t\t\t\t<\/div>\n\t\t\t\t<div class=\"elementor-element elementor-element-794c2a9 elementor-widget elementor-widget-html\" data-id=\"794c2a9\" data-element_type=\"widget\" data-widget_type=\"html.default\">\n\t\t\t\t<div class=\"elementor-widget-container\">\n\t\t\t\t\t<script src=\"https:\/\/code.jquery.com\/jquery-3.6.0.min.js\"><\/script><script>$(document).ready(function(){\n    \n    $(document).on('click', '#essence', function(){\n         window.location.href = \"\/prodotti\/essence\";\n    })\n    \n    $(document).on('click', '#ikonico', function(){\n        window.location.href = \"\/prodotti\/ikonico\";\n    })\n    \n    $(document).on('click', '#exclusive', function(){\n        window.location.href = \"\/prodotti\/exclusive\";\n    })\n})\n<\/script>\t\t\t\t<\/div>\n\t\t\t\t<\/div>\n\t\t\t\t\t<\/div>\n\t\t<\/div>\n\t\t\t\t\t<\/div>\n\t\t<\/section>\n\t\t\t\t<\/div>\n\t\t","protected":false},"excerpt":{"rendered":"<p>ESSENCEESSENCE &gt; D\u00c9COUVREZ LA CUISSON MODULAIRE IKONICOIKONICO &gt; LE PLAN DE TRAVAIL UNIQUE SUR MESURE EXCLUSIVEEXCLUSIVE &gt; CUISINES EXT\u00c9RIEURES ESSENCE &gt; D\u00c9COUVREZ LA CUISSON MODULAIRE IKONICO &gt; LE PLAN DE TRAVAIL UNIQUE SUR MESURE EXCLUSIVE &gt; CUISINES EXT\u00c9RIEURES Vous souhaitez \u00eatre tenu au courant de l&rsquo;actualit\u00e9 de Silko ? Abonnez-vous \u00e0 la newsletter! Legal Notices<a class=\"more-link\" href=\"https:\/\/silko.it\/fr\/produits\/\">Continue reading <span class=\"screen-reader-text\">\u00ab\u00a0Produits\u00a0\u00bb<\/span><\/a><\/p>\n","protected":false},"author":1,"featured_media":0,"parent":0,"menu_order":0,"comment_status":"closed","ping_status":"closed","template":"","meta":{"_joinchat":[],"footnotes":""},"class_list":["post-5696","page","type-page","status-publish","hentry","entry"],"yoast_head":"<!-- This site is optimized with the Yoast SEO plugin v26.4 - https:\/\/yoast.com\/wordpress\/plugins\/seo\/ -->\n<title>Produits - Silko<\/title>\n<meta name=\"robots\" content=\"index, follow, max-snippet:-1, max-image-preview:large, max-video-preview:-1\" \/>\n<link rel=\"canonical\" href=\"https:\/\/silko.it\/fr\/produits\/\" \/>\n<meta property=\"og:locale\" content=\"fr_FR\" \/>\n<meta property=\"og:type\" content=\"article\" \/>\n<meta property=\"og:title\" content=\"Produits - Silko\" \/>\n<meta property=\"og:description\" content=\"ESSENCEESSENCE &gt; D\u00c9COUVREZ LA CUISSON MODULAIRE IKONICOIKONICO &gt; LE PLAN DE TRAVAIL UNIQUE SUR MESURE EXCLUSIVEEXCLUSIVE &gt; CUISINES EXT\u00c9RIEURES ESSENCE &gt; D\u00c9COUVREZ LA CUISSON MODULAIRE IKONICO &gt; LE PLAN DE TRAVAIL UNIQUE SUR MESURE EXCLUSIVE &gt; CUISINES EXT\u00c9RIEURES Vous souhaitez \u00eatre tenu au courant de l&rsquo;actualit\u00e9 de Silko ? Abonnez-vous \u00e0 la newsletter! Legal NoticesContinue reading &quot;Produits&quot;\" \/>\n<meta property=\"og:url\" content=\"https:\/\/silko.it\/fr\/produits\/\" \/>\n<meta property=\"og:site_name\" content=\"Silko\" \/>\n<meta property=\"article:publisher\" content=\"https:\/\/www.facebook.com\/SilkoAli\/\" \/>\n<meta property=\"article:modified_time\" content=\"2024-07-11T10:22:05+00:00\" \/>\n<meta name=\"twitter:card\" content=\"summary_large_image\" \/>\n<meta name=\"twitter:label1\" content=\"Dur\u00e9e de lecture estim\u00e9e\" \/>\n\t<meta name=\"twitter:data1\" content=\"1 minute\" \/>\n<script type=\"application\/ld+json\" class=\"yoast-schema-graph\">{\"@context\":\"https:\/\/schema.org\",\"@graph\":[{\"@type\":\"WebPage\",\"@id\":\"https:\/\/silko.it\/fr\/produits\/\",\"url\":\"https:\/\/silko.it\/fr\/produits\/\",\"name\":\"Produits - Silko\",\"isPartOf\":{\"@id\":\"https:\/\/silko.it\/#website\"},\"datePublished\":\"2023-08-10T08:53:59+00:00\",\"dateModified\":\"2024-07-11T10:22:05+00:00\",\"breadcrumb\":{\"@id\":\"https:\/\/silko.it\/fr\/produits\/#breadcrumb\"},\"inLanguage\":\"fr-FR\",\"potentialAction\":[{\"@type\":\"ReadAction\",\"target\":[\"https:\/\/silko.it\/fr\/produits\/\"]}]},{\"@type\":\"BreadcrumbList\",\"@id\":\"https:\/\/silko.it\/fr\/produits\/#breadcrumb\",\"itemListElement\":[{\"@type\":\"ListItem\",\"position\":1,\"name\":\"Home\",\"item\":\"https:\/\/silko.it\/\"},{\"@type\":\"ListItem\",\"position\":2,\"name\":\"Produits\"}]},{\"@type\":\"WebSite\",\"@id\":\"https:\/\/silko.it\/#website\",\"url\":\"https:\/\/silko.it\/\",\"name\":\"https:\/\/silko.it\/\",\"description\":\"Cucine professionali e arredi per la ristorazione\",\"publisher\":{\"@id\":\"https:\/\/silko.it\/#organization\"},\"potentialAction\":[{\"@type\":\"SearchAction\",\"target\":{\"@type\":\"EntryPoint\",\"urlTemplate\":\"https:\/\/silko.it\/?s={search_term_string}\"},\"query-input\":{\"@type\":\"PropertyValueSpecification\",\"valueRequired\":true,\"valueName\":\"search_term_string\"}}],\"inLanguage\":\"fr-FR\"},{\"@type\":\"Organization\",\"@id\":\"https:\/\/silko.it\/#organization\",\"name\":\"Silko - Cucine professionali e attrezzature per la ristorazione\",\"url\":\"https:\/\/silko.it\/\",\"logo\":{\"@type\":\"ImageObject\",\"inLanguage\":\"fr-FR\",\"@id\":\"https:\/\/silko.it\/#\/schema\/logo\/image\/\",\"url\":\"https:\/\/silko.it\/wp-content\/uploads\/2023\/08\/silko-logo.webp\",\"contentUrl\":\"https:\/\/silko.it\/wp-content\/uploads\/2023\/08\/silko-logo.webp\",\"width\":186,\"height\":56,\"caption\":\"Silko - Cucine professionali e attrezzature per la ristorazione\"},\"image\":{\"@id\":\"https:\/\/silko.it\/#\/schema\/logo\/image\/\"},\"sameAs\":[\"https:\/\/www.facebook.com\/SilkoAli\/\",\"https:\/\/www.instagram.com\/silko_ali\/\",\"https:\/\/www.linkedin.com\/company\/silko-ali-s.p.a.\/\",\"https:\/\/www.youtube.com\/user\/SilkoAli\"]}]}<\/script>\n<!-- \/ Yoast SEO plugin. -->","yoast_head_json":{"title":"Produits - Silko","robots":{"index":"index","follow":"follow","max-snippet":"max-snippet:-1","max-image-preview":"max-image-preview:large","max-video-preview":"max-video-preview:-1"},"canonical":"https:\/\/silko.it\/fr\/produits\/","og_locale":"fr_FR","og_type":"article","og_title":"Produits - Silko","og_description":"ESSENCEESSENCE &gt; D\u00c9COUVREZ LA CUISSON MODULAIRE IKONICOIKONICO &gt; LE PLAN DE TRAVAIL UNIQUE SUR MESURE EXCLUSIVEEXCLUSIVE &gt; CUISINES EXT\u00c9RIEURES ESSENCE &gt; D\u00c9COUVREZ LA CUISSON MODULAIRE IKONICO &gt; LE PLAN DE TRAVAIL UNIQUE SUR MESURE EXCLUSIVE &gt; CUISINES EXT\u00c9RIEURES Vous souhaitez \u00eatre tenu au courant de l&rsquo;actualit\u00e9 de Silko ? Abonnez-vous \u00e0 la newsletter! Legal NoticesContinue reading \"Produits\"","og_url":"https:\/\/silko.it\/fr\/produits\/","og_site_name":"Silko","article_publisher":"https:\/\/www.facebook.com\/SilkoAli\/","article_modified_time":"2024-07-11T10:22:05+00:00","twitter_card":"summary_large_image","twitter_misc":{"Dur\u00e9e de lecture estim\u00e9e":"1 minute"},"schema":{"@context":"https:\/\/schema.org","@graph":[{"@type":"WebPage","@id":"https:\/\/silko.it\/fr\/produits\/","url":"https:\/\/silko.it\/fr\/produits\/","name":"Produits - Silko","isPartOf":{"@id":"https:\/\/silko.it\/#website"},"datePublished":"2023-08-10T08:53:59+00:00","dateModified":"2024-07-11T10:22:05+00:00","breadcrumb":{"@id":"https:\/\/silko.it\/fr\/produits\/#breadcrumb"},"inLanguage":"fr-FR","potentialAction":[{"@type":"ReadAction","target":["https:\/\/silko.it\/fr\/produits\/"]}]},{"@type":"BreadcrumbList","@id":"https:\/\/silko.it\/fr\/produits\/#breadcrumb","itemListElement":[{"@type":"ListItem","position":1,"name":"Home","item":"https:\/\/silko.it\/"},{"@type":"ListItem","position":2,"name":"Produits"}]},{"@type":"WebSite","@id":"https:\/\/silko.it\/#website","url":"https:\/\/silko.it\/","name":"https:\/\/silko.it\/","description":"Cucine professionali e arredi per la ristorazione","publisher":{"@id":"https:\/\/silko.it\/#organization"},"potentialAction":[{"@type":"SearchAction","target":{"@type":"EntryPoint","urlTemplate":"https:\/\/silko.it\/?s={search_term_string}"},"query-input":{"@type":"PropertyValueSpecification","valueRequired":true,"valueName":"search_term_string"}}],"inLanguage":"fr-FR"},{"@type":"Organization","@id":"https:\/\/silko.it\/#organization","name":"Silko - Cucine professionali e attrezzature per la ristorazione","url":"https:\/\/silko.it\/","logo":{"@type":"ImageObject","inLanguage":"fr-FR","@id":"https:\/\/silko.it\/#\/schema\/logo\/image\/","url":"https:\/\/silko.it\/wp-content\/uploads\/2023\/08\/silko-logo.webp","contentUrl":"https:\/\/silko.it\/wp-content\/uploads\/2023\/08\/silko-logo.webp","width":186,"height":56,"caption":"Silko - Cucine professionali e attrezzature per la ristorazione"},"image":{"@id":"https:\/\/silko.it\/#\/schema\/logo\/image\/"},"sameAs":["https:\/\/www.facebook.com\/SilkoAli\/","https:\/\/www.instagram.com\/silko_ali\/","https:\/\/www.linkedin.com\/company\/silko-ali-s.p.a.\/","https:\/\/www.youtube.com\/user\/SilkoAli"]}]}},"_links":{"self":[{"href":"https:\/\/silko.it\/fr\/wp-json\/wp\/v2\/pages\/5696","targetHints":{"allow":["GET"]}}],"collection":[{"href":"https:\/\/silko.it\/fr\/wp-json\/wp\/v2\/pages"}],"about":[{"href":"https:\/\/silko.it\/fr\/wp-json\/wp\/v2\/types\/page"}],"author":[{"embeddable":true,"href":"https:\/\/silko.it\/fr\/wp-json\/wp\/v2\/users\/1"}],"replies":[{"embeddable":true,"href":"https:\/\/silko.it\/fr\/wp-json\/wp\/v2\/comments?post=5696"}],"version-history":[{"count":26,"href":"https:\/\/silko.it\/fr\/wp-json\/wp\/v2\/pages\/5696\/revisions"}],"predecessor-version":[{"id":14706,"href":"https:\/\/silko.it\/fr\/wp-json\/wp\/v2\/pages\/5696\/revisions\/14706"}],"wp:attachment":[{"href":"https:\/\/silko.it\/fr\/wp-json\/wp\/v2\/media?parent=5696"}],"curies":[{"name":"wp","href":"https:\/\/api.w.org\/{rel}","templated":true}]}}